{"id":635,"date":"2023-04-26T11:05:54","date_gmt":"2023-04-26T09:05:54","guid":{"rendered":"https:\/\/b4sportonline.pl\/funkcje\/?page_id=635"},"modified":"2023-05-10T14:41:34","modified_gmt":"2023-05-10T12:41:34","slug":"instrukcja-usuniecia-konta-uzytkownika","status":"publish","type":"page","link":"https:\/\/b4sportonline.pl\/funkcje\/instrukcja-usuniecia-konta-uzytkownika\/","title":{"rendered":"Instrukcja usuni\u0119cia konta u\u017cytkownika"},"content":{"rendered":"\n[et_pb_section fb_built=&#8221;1&#8243; _builder_version=&#8221;4.19.4&#8243; _module_preset=&#8221;default&#8221; background_color=&#8221;#112B50&#8243; background_enable_image=&#8221;off&#8221; background_blend=&#8221;soft-light&#8221; min_height=&#8221;680.8px&#8221; max_height=&#8221;771px&#8221; max_height_tablet=&#8221;100%&#8221; max_height_phone=&#8221;100%&#8221; max_height_last_edited=&#8221;on|tablet&#8221; global_colors_info=&#8221;{}&#8221; custom_css_main_element_last_edited=&#8221;on|desktop&#8221; custom_css_main_element_tablet=&#8221;.left { ||  width: 50%;||  float: left;||  background-color: rgba(1, 160, 226, 0.5);||}&#8221; custom_css_main_element_phone=&#8221;.left { ||  width: 50%;||  float: left;||  background-color: rgba(1, 160, 226, 0.5);||}&#8221;][et_pb_row make_equal=&#8221;on&#8221; custom_padding_last_edited=&#8221;on|phone&#8221; _builder_version=&#8221;4.19.4&#8243; _module_preset=&#8221;default&#8221; module_alignment=&#8221;center&#8221; custom_margin=&#8221;||||false|true&#8221; custom_padding=&#8221;90px|2%|90px|2%|true|true&#8221; custom_padding_tablet=&#8221;50px||50px||true|true&#8221; custom_padding_phone=&#8221;24px||24px||true|true&#8221; custom_css_main_element=&#8221;align-self: center;&#8221; global_colors_info=&#8221;{}&#8221;][et_pb_column type=&#8221;4_4&#8243; _builder_version=&#8221;4.19.4&#8243; _module_preset=&#8221;default&#8221; custom_css_main_element=&#8221;align-self: center;&#8221; global_colors_info=&#8221;{}&#8221;][et_pb_text _builder_version=&#8221;4.20.4&#8243; _module_preset=&#8221;4ad33bc0-0609-40e0-ab5c-bae87668f265&#8243; hover_enabled=&#8221;0&#8243; global_colors_info=&#8221;{}&#8221; sticky_enabled=&#8221;0&#8243;]<h1>Usuwanie konta u\u017cytkownika<\/h1>\n<p>Chcesz usun\u0105\u0107 swoje konto i tym samym wszelkie dane osobowe z platformy b4sportonline.pl?<br \/>Oto kr\u00f3tka instrukcja.<\/p>[\/et_pb_text][\/et_pb_column][\/et_pb_row][\/et_pb_section][et_pb_section fb_built=&#8221;1&#8243; module_id=&#8221;po-co&#8221; _builder_version=&#8221;4.19.4&#8243; _module_preset=&#8221;default&#8221; background_color=&#8221;#F2F2F2&#8243; custom_padding=&#8221;90px|||||&#8221; global_colors_info=&#8221;{}&#8221;][et_pb_row _builder_version=&#8221;4.19.4&#8243; _module_preset=&#8221;default&#8221; global_colors_info=&#8221;{}&#8221;][et_pb_column type=&#8221;4_4&#8243; _builder_version=&#8221;4.19.4&#8243; _module_preset=&#8221;default&#8221; global_colors_info=&#8221;{}&#8221;][et_pb_text _builder_version=&#8221;4.19.4&#8243; _module_preset=&#8221;63a5e5b3-140f-4b94-855d-1c3416e18c2f&#8221; global_colors_info=&#8221;{}&#8221;]<h2>Co oznacza usuni\u0119cie konta z b4sportonline.pl?<\/h2>\n<p>Usuni\u0119cie konta zawodnika z platformy b4sportonline.pl jest jednoznaczne z usuni\u0119ciem wszystkich danych osobowych przypisanych do tego konta. W przypadku usuni\u0119cia konta nie ma mo\u017cliwo\u015bci odzyskania \u017cadnych danych.\u00a0<\/p>[\/et_pb_text][\/et_pb_column][\/et_pb_row][\/et_pb_section][et_pb_section fb_built=&#8221;1&#8243; module_id=&#8221;jak&#8221; _builder_version=&#8221;4.19.4&#8243; _module_preset=&#8221;default&#8221; global_colors_info=&#8221;{}&#8221;][et_pb_row _builder_version=&#8221;4.19.4&#8243; _module_preset=&#8221;default&#8221; global_colors_info=&#8221;{}&#8221;][et_pb_column type=&#8221;4_4&#8243; _builder_version=&#8221;4.19.4&#8243; _module_preset=&#8221;default&#8221; global_colors_info=&#8221;{}&#8221;][et_pb_text _builder_version=&#8221;4.19.4&#8243; _module_preset=&#8221;default&#8221; text_font_size=&#8221;21px&#8221; text_line_height=&#8221;1.9em&#8221; header_2_font=&#8221;|700|||||||&#8221; header_2_text_align=&#8221;center&#8221; header_2_font_size=&#8221;40px&#8221; text_orientation=&#8221;center&#8221; global_colors_info=&#8221;{}&#8221;]<h2>\u00a0Instrukcja, krok po kroku &#8211; usuni\u0119cie konta b4sportonline<\/h2>[\/et_pb_text][\/et_pb_column][\/et_pb_row][et_pb_row _builder_version=&#8221;4.20.4&#8243; _module_preset=&#8221;default&#8221; width=&#8221;80%&#8221; module_alignment=&#8221;center&#8221; custom_margin=&#8221;|auto||56px||&#8221; locked=&#8221;off&#8221; global_colors_info=&#8221;{}&#8221;][et_pb_column type=&#8221;4_4&#8243; _builder_version=&#8221;4.20.4&#8243; _module_preset=&#8221;default&#8221; global_colors_info=&#8221;{}&#8221;][et_pb_text _builder_version=&#8221;4.20.4&#8243; _module_preset=&#8221;default&#8221; global_colors_info=&#8221;{}&#8221;]<p><span data-contrast=\"none\" xml:lang=\"PL-PL\" lang=\"PL-PL\" class=\"TextRun SCXW125056857 BCX0\"><span class=\"NormalTextRun SCXW125056857 BCX0\">1. Zaloguj si\u0119 na konto u\u017cytkownika za po\u015brednictwem strony b4sportonline.pl <\/span><\/span><span class=\"EOP SCXW125056857 BCX0\" data-ccp-props=\"{&quot;201341983&quot;:0,&quot;335559739&quot;:0,&quot;335559740&quot;:259}\">\u00a0<\/span><\/p>[\/et_pb_text][et_pb_gallery gallery_ids=&#8221;642&#8243; fullwidth=&#8221;on&#8221; _builder_version=&#8221;4.20.4&#8243; _module_preset=&#8221;default&#8221; width=&#8221;50%&#8221; module_alignment=&#8221;center&#8221; global_colors_info=&#8221;{}&#8221;][\/et_pb_gallery][et_pb_text _builder_version=&#8221;4.20.4&#8243; _module_preset=&#8221;default&#8221; global_colors_info=&#8221;{}&#8221;]<p><span data-contrast=\"none\" xml:lang=\"PL-PL\" lang=\"PL-PL\" class=\"TextRun SCXW105036808 BCX0\"><span class=\"NormalTextRun SCXW105036808 BCX0\">2. Przejd\u017a do zak\u0142adki <strong>Profil<\/strong>.<\/span><\/span><\/p>[\/et_pb_text][et_pb_gallery gallery_ids=&#8221;646&#8243; fullwidth=&#8221;on&#8221; _builder_version=&#8221;4.20.4&#8243; _module_preset=&#8221;default&#8221; width=&#8221;50%&#8221; module_alignment=&#8221;center&#8221; global_colors_info=&#8221;{}&#8221;][\/et_pb_gallery][et_pb_text _builder_version=&#8221;4.20.4&#8243; _module_preset=&#8221;default&#8221; global_colors_info=&#8221;{}&#8221;]<p>3. <span data-contrast=\"none\" xml:lang=\"PL-PL\" lang=\"PL-PL\" class=\"TextRun SCXW195853649 BCX0\"><span class=\"NormalTextRun SCXW195853649 BCX0\">Na dole strony, kliknij <strong>Zarz\u0105dzaj danymi osobowymi<\/strong>.<\/span><\/span><span class=\"EOP SCXW195853649 BCX0\" data-ccp-props=\"{&quot;201341983&quot;:0,&quot;335559739&quot;:0,&quot;335559740&quot;:259}\">\u00a0<\/span><\/p>[\/et_pb_text][et_pb_gallery gallery_ids=&#8221;647&#8243; fullwidth=&#8221;on&#8221; _builder_version=&#8221;4.20.4&#8243; _module_preset=&#8221;default&#8221; width=&#8221;50%&#8221; module_alignment=&#8221;center&#8221; global_colors_info=&#8221;{}&#8221;][\/et_pb_gallery][et_pb_text _builder_version=&#8221;4.20.4&#8243; _module_preset=&#8221;default&#8221; global_colors_info=&#8221;{}&#8221;]<p><span data-contrast=\"none\" xml:lang=\"PL-PL\" lang=\"PL-PL\" class=\"TextRun SCXW180550129 BCX0\"><span class=\"NormalTextRun SCXW180550129 BCX0\">4. Zapoznaj si\u0119 z regulacjami dot. przetwarzania danych osobowych, a nast\u0119pnie <strong>wprowad\u017a has\u0142o<\/strong> do swojego konta, by zobaczy\u0107 swoje dan<\/span><span class=\"NormalTextRun SCXW180550129 BCX0\">e <\/span><span class=\"NormalTextRun SCXW180550129 BCX0\">osobowe<\/span><span class=\"NormalTextRun SCXW180550129 BCX0\">.<\/span><\/span><span class=\"EOP SCXW180550129 BCX0\" data-ccp-props=\"{&quot;201341983&quot;:0,&quot;335559739&quot;:0,&quot;335559740&quot;:259}\">\u00a0<\/span><\/p>[\/et_pb_text][et_pb_gallery gallery_ids=&#8221;648&#8243; fullwidth=&#8221;on&#8221; _builder_version=&#8221;4.20.4&#8243; _module_preset=&#8221;default&#8221; width=&#8221;50%&#8221; module_alignment=&#8221;center&#8221; global_colors_info=&#8221;{}&#8221;][\/et_pb_gallery][et_pb_text _builder_version=&#8221;4.20.4&#8243; _module_preset=&#8221;default&#8221; global_colors_info=&#8221;{}&#8221;]<p><span data-contrast=\"none\" xml:lang=\"PL-PL\" lang=\"PL-PL\" class=\"TextRun SCXW180550129 BCX0\"><span class=\"NormalTextRun SCXW180550129 BCX0\">5. <span data-contrast=\"none\" xml:lang=\"PL-PL\" lang=\"PL-PL\" class=\"TextRun SCXW135768427 BCX0\"><span class=\"NormalTextRun SCXW135768427 BCX0\">Na dole strony wybierz opcj\u0119 <strong>Zapomnij wszystkie moje dane osobowe<\/strong>.<\/span><\/span><\/span><\/span><\/p>[\/et_pb_text][et_pb_gallery gallery_ids=&#8221;649&#8243; fullwidth=&#8221;on&#8221; _builder_version=&#8221;4.20.4&#8243; _module_preset=&#8221;default&#8221; width=&#8221;50%&#8221; module_alignment=&#8221;center&#8221; global_colors_info=&#8221;{}&#8221;][\/et_pb_gallery][et_pb_text _builder_version=&#8221;4.20.4&#8243; _module_preset=&#8221;default&#8221; global_colors_info=&#8221;{}&#8221;]<p><span data-contrast=\"none\">6. Potwierd\u017a ch\u0119\u0107 usuni\u0119cia swoich danych z systemu.<\/span><span data-ccp-props=\"{&quot;201341983&quot;:0,&quot;335559739&quot;:0,&quot;335559740&quot;:259}\">\u00a0<\/span><\/p>\n<p><span data-contrast=\"none\">7. Na adres mailowy wskazany na Twoim koncie otrzymasz wiadomo\u015b\u0107 email <strong>z kodem weryfikacyjnym<\/strong>, kt\u00f3ry nale\u017cy wprowadzi\u0107 w swoim profilu.\u00a0<\/span><\/p>[\/et_pb_text][\/et_pb_column][\/et_pb_row][et_pb_row _builder_version=&#8221;4.19.4&#8243; _module_preset=&#8221;default&#8221; global_colors_info=&#8221;{}&#8221;][et_pb_column type=&#8221;4_4&#8243; _builder_version=&#8221;4.19.4&#8243; _module_preset=&#8221;default&#8221; global_colors_info=&#8221;{}&#8221;][et_pb_button button_url=&#8221;@ET-DC@eyJkeW5hbWljIjp0cnVlLCJjb250ZW50IjoicG9zdF9saW5rX3VybF9wYWdlIiwic2V0dGluZ3MiOnsicG9zdF9pZCI6IjEyIn19@&#8221; button_text=&#8221;WR\u00d3\u0106 DO LISTY FUNKCJI&#8221; button_alignment=&#8221;center&#8221; _builder_version=&#8221;4.19.4&#8243; _dynamic_attributes=&#8221;button_url&#8221; _module_preset=&#8221;default&#8221; button_text_color=&#8221;#112B50&#8243; button_bg_color=&#8221;#FFFFFF&#8221; button_border_width=&#8221;2px&#8221; button_border_color=&#8221;#112B50&#8243; global_colors_info=&#8221;{}&#8221;][\/et_pb_button][\/et_pb_column][\/et_pb_row][\/et_pb_section][et_pb_section fb_built=&#8221;1&#8243; disabled_on=&#8221;off|off|off&#8221; _builder_version=&#8221;4.20.4&#8243; _module_preset=&#8221;default&#8221; background_color=&#8221;#00A0E3&#8243; background_enable_mask_style=&#8221;on&#8221; background_mask_style=&#8221;corner-pill&#8221; background_mask_color=&#8221;#FFFFFF&#8221; background_mask_transform=&#8221;flip_vertical&#8221; background_mask_size=&#8221;cover&#8221; background_mask_position=&#8221;center_left&#8221; background_mask_horizontal_offset=&#8221;-1%&#8221; height=&#8221;100%&#8221; custom_margin=&#8221;-1px||||false|false&#8221; background_last_edited=&#8221;on|phone&#8221; background_enable_mask_style_phone=&#8221;off&#8221; background_mask_horizontal_offset_tablet=&#8221;0%&#8221; disabled=&#8221;on&#8221; global_module=&#8221;203&#8243; saved_tabs=&#8221;all&#8221; global_colors_info=&#8221;{}&#8221;][et_pb_row _builder_version=&#8221;4.19.4&#8243; _module_preset=&#8221;default&#8221; global_colors_info=&#8221;{}&#8221;][et_pb_column type=&#8221;4_4&#8243; _builder_version=&#8221;4.19.4&#8243; _module_preset=&#8221;default&#8221; global_colors_info=&#8221;{}&#8221;][et_pb_text _builder_version=&#8221;4.19.4&#8243; _module_preset=&#8221;default&#8221; text_font_size=&#8221;21px&#8221; text_line_height=&#8221;1.9em&#8221; header_2_font=&#8221;|700|||||||&#8221; header_2_text_align=&#8221;center&#8221; header_2_font_size=&#8221;40px&#8221; text_orientation=&#8221;center&#8221; global_colors_info=&#8221;{}&#8221;]<h2>Poznaj inne funkcjonalno\u015bci<\/h2>[\/et_pb_text][\/et_pb_column][\/et_pb_row][et_pb_row column_structure=&#8221;1_4,1_4,1_4,1_4&#8243; make_equal=&#8221;on&#8221; _builder_version=&#8221;4.20.4&#8243; _module_preset=&#8221;default&#8221; custom_padding=&#8221;||||false&#8221; locked=&#8221;off&#8221; global_colors_info=&#8221;{}&#8221;][et_pb_column type=&#8221;1_4&#8243; _builder_version=&#8221;4.19.4&#8243; _module_preset=&#8221;default&#8221; global_colors_info=&#8221;{}&#8221;][et_pb_cta title=&#8221;Klasyfikacja dru\u017cynowa&#8221; button_url=&#8221;@ET-DC@eyJkeW5hbWljIjp0cnVlLCJjb250ZW50IjoicG9zdF9saW5rX3VybF9wYWdlIiwic2V0dGluZ3MiOnsicG9zdF9pZCI6IjQzMyJ9fQ==@&#8221; button_text=&#8221;Wi\u0119cej&#8221; _builder_version=&#8221;4.19.4&#8243; _dynamic_attributes=&#8221;button_url,link_option_url&#8221; _module_preset=&#8221;default&#8221; link_option_url=&#8221;@ET-DC@eyJkeW5hbWljIjp0cnVlLCJjb250ZW50IjoicG9zdF9saW5rX3VybF9wYWdlIiwic2V0dGluZ3MiOnsicG9zdF9pZCI6IjQzMyJ9fQ==@&#8221; locked=&#8221;off&#8221; global_colors_info=&#8221;{}&#8221;]<p><span>Zawodnicy chc\u0105c uczestniczy\u0107 ze swoim ulubionym zespo\u0142em mog\u0105 zach\u0119ci\u0107 nowe osoby do uczestnictwa w zawodach.<\/span><\/p>[\/et_pb_cta][\/et_pb_column][et_pb_column type=&#8221;1_4&#8243; _builder_version=&#8221;4.19.4&#8243; _module_preset=&#8221;default&#8221; global_colors_info=&#8221;{}&#8221;][et_pb_cta title=&#8221;P\u0142atno\u015bci Blue Media&#8221; button_url=&#8221;@ET-DC@eyJkeW5hbWljIjp0cnVlLCJjb250ZW50IjoicG9zdF9saW5rX3VybF9wYWdlIiwic2V0dGluZ3MiOnsicG9zdF9pZCI6IjI0OSJ9fQ==@&#8221; button_text=&#8221;Wi\u0119cej&#8221; _builder_version=&#8221;4.20.4&#8243; _dynamic_attributes=&#8221;button_url,link_option_url&#8221; _module_preset=&#8221;default&#8221; link_option_url=&#8221;@ET-DC@eyJkeW5hbWljIjp0cnVlLCJjb250ZW50IjoicG9zdF9saW5rX3VybF9wYWdlIiwic2V0dGluZ3MiOnsicG9zdF9pZCI6IjI0OSJ9fQ==@&#8221; locked=&#8221;off&#8221; global_colors_info=&#8221;{}&#8221;]<p>Po\u0142\u0105cz swoje konto organizatora z Blue Media. Skorzystaj z \u0142atwych oraz bezpiecznych p\u0142atno\u015bci.<\/p>[\/et_pb_cta][\/et_pb_column][et_pb_column type=&#8221;1_4&#8243; _builder_version=&#8221;4.19.4&#8243; _module_preset=&#8221;default&#8221; global_colors_info=&#8221;{}&#8221;][et_pb_cta title=&#8221;Wydruki&#8221; button_url=&#8221;@ET-DC@eyJkeW5hbWljIjp0cnVlLCJjb250ZW50IjoicG9zdF9saW5rX3VybF9wYWdlIiwic2V0dGluZ3MiOnsicG9zdF9pZCI6IjIzMyJ9fQ==@&#8221; button_text=&#8221;Wi\u0119cej&#8221; _builder_version=&#8221;4.19.4&#8243; _dynamic_attributes=&#8221;button_url,link_option_url&#8221; _module_preset=&#8221;default&#8221; link_option_url=&#8221;@ET-DC@eyJkeW5hbWljIjp0cnVlLCJjb250ZW50IjoicG9zdF9saW5rX3VybF9wYWdlIiwic2V0dGluZ3MiOnsicG9zdF9pZCI6IjIzMyJ9fQ==@&#8221; locked=&#8221;off&#8221; global_colors_info=&#8221;{}&#8221;]<p>Chcesz wydrukowa\u0107 <strong>karty uczestnik\u00f3w<\/strong>? Poznaj opcje wydruki. Zobacz jak zmodyfikowa\u0107 kart\u0119 do potrzeb zawod\u00f3w.<\/p>[\/et_pb_cta][\/et_pb_column][et_pb_column type=&#8221;1_4&#8243; _builder_version=&#8221;4.19.4&#8243; _module_preset=&#8221;default&#8221; global_colors_info=&#8221;{}&#8221;][et_pb_cta title=&#8221;Kreator maili&#8221; button_url=&#8221;@ET-DC@eyJkeW5hbWljIjp0cnVlLCJjb250ZW50IjoicG9zdF9saW5rX3VybF9wYWdlIiwic2V0dGluZ3MiOnsicG9zdF9pZCI6IjI4NCJ9fQ==@&#8221; button_text=&#8221;Wi\u0119cej&#8221; _builder_version=&#8221;4.20.4&#8243; _dynamic_attributes=&#8221;button_url,link_option_url&#8221; _module_preset=&#8221;default&#8221; link_option_url=&#8221;@ET-DC@eyJkeW5hbWljIjp0cnVlLCJjb250ZW50IjoicG9zdF9saW5rX3VybF9wYWdlIiwic2V0dGluZ3MiOnsicG9zdF9pZCI6IjI4NCJ9fQ==@&#8221; locked=&#8221;off&#8221; global_colors_info=&#8221;{}&#8221;]<p>Tw\u00f3rz wyj\u0105tkowe kampanie mailingowe. Promuj swoje wydarzenia sportowe oraz sponsor\u00f3w.<\/p>[\/et_pb_cta][\/et_pb_column][\/et_pb_row][\/et_pb_section]\n","protected":false},"excerpt":{"rendered":"<p>Usuwanie konta u\u017cytkownika Chcesz usun\u0105\u0107 swoje konto i tym samym wszelkie dane osobowe z platformy b4sportonline.pl?Oto kr\u00f3tka instrukcja.Co oznacza usuni\u0119cie konta z b4sportonline.pl? Usuni\u0119cie konta zawodnika z platformy b4sportonline.pl jest jednoznaczne z usuni\u0119ciem wszystkich danych osobowych przypisanych do tego konta. W przypadku usuni\u0119cia konta nie ma mo\u017cliwo\u015bci odzyskania \u017cadnych danych.\u00a0\u00a0Instrukcja, krok po kroku &#8211; usuni\u0119cie [&hellip;]<\/p>\n","protected":false},"author":2,"featured_media":0,"parent":0,"menu_order":0,"comment_status":"closed","ping_status":"closed","template":"","meta":{"_et_pb_use_builder":"on","_et_pb_old_content":"","_et_gb_content_width":"","inline_featured_image":false,"footnotes":""},"class_list":["post-635","page","type-page","status-publish","hentry"],"yoast_head":"<!-- This site is optimized with the Yoast SEO plugin v27.3 - https:\/\/yoast.com\/product\/yoast-seo-wordpress\/ -->\n<title>Instrukcja usuni\u0119cia konta u\u017cytkownika - Funkcje - B4SPORTONLINE<\/title>\n<meta name=\"description\" content=\"Chcesz usun\u0105\u0107 swoje konto i tym samym wszelkie dane osobowe z platformy b4sportonline.pl?Oto kr\u00f3tka instrukcja.\" \/>\n<meta name=\"robots\" content=\"index, follow, max-snippet:-1, max-image-preview:large, max-video-preview:-1\" \/>\n<link rel=\"canonical\" href=\"https:\/\/b4sportonline.pl\/funkcje\/instrukcja-usuniecia-konta-uzytkownika\/\" \/>\n<meta property=\"og:locale\" content=\"pl_PL\" \/>\n<meta property=\"og:type\" content=\"article\" \/>\n<meta property=\"og:title\" content=\"Instrukcja usuni\u0119cia konta u\u017cytkownika - Funkcje - B4SPORTONLINE\" \/>\n<meta property=\"og:description\" content=\"Chcesz usun\u0105\u0107 swoje konto i tym samym wszelkie dane osobowe z platformy b4sportonline.pl?Oto kr\u00f3tka instrukcja.\" \/>\n<meta property=\"og:url\" content=\"https:\/\/b4sportonline.pl\/funkcje\/instrukcja-usuniecia-konta-uzytkownika\/\" \/>\n<meta property=\"og:site_name\" content=\"Funkcje - B4SPORTONLINE\" \/>\n<meta property=\"article:modified_time\" content=\"2023-05-10T12:41:34+00:00\" \/>\n<meta name=\"twitter:card\" content=\"summary_large_image\" \/>\n<meta name=\"twitter:label1\" content=\"Szacowany czas czytania\" \/>\n\t<meta name=\"twitter:data1\" content=\"3 minuty\" \/>\n<script type=\"application\/ld+json\" class=\"yoast-schema-graph\">{\"@context\":\"https:\\\/\\\/schema.org\",\"@graph\":[{\"@type\":\"WebPage\",\"@id\":\"https:\\\/\\\/b4sportonline.pl\\\/funkcje\\\/instrukcja-usuniecia-konta-uzytkownika\\\/\",\"url\":\"https:\\\/\\\/b4sportonline.pl\\\/funkcje\\\/instrukcja-usuniecia-konta-uzytkownika\\\/\",\"name\":\"Instrukcja usuni\u0119cia konta u\u017cytkownika - Funkcje - B4SPORTONLINE\",\"isPartOf\":{\"@id\":\"https:\\\/\\\/b4sportonline.pl\\\/funkcje\\\/#website\"},\"datePublished\":\"2023-04-26T09:05:54+00:00\",\"dateModified\":\"2023-05-10T12:41:34+00:00\",\"description\":\"Chcesz usun\u0105\u0107 swoje konto i tym samym wszelkie dane osobowe z platformy b4sportonline.pl?Oto kr\u00f3tka instrukcja.\",\"breadcrumb\":{\"@id\":\"https:\\\/\\\/b4sportonline.pl\\\/funkcje\\\/instrukcja-usuniecia-konta-uzytkownika\\\/#breadcrumb\"},\"inLanguage\":\"pl-PL\",\"potentialAction\":[{\"@type\":\"ReadAction\",\"target\":[\"https:\\\/\\\/b4sportonline.pl\\\/funkcje\\\/instrukcja-usuniecia-konta-uzytkownika\\\/\"]}]},{\"@type\":\"BreadcrumbList\",\"@id\":\"https:\\\/\\\/b4sportonline.pl\\\/funkcje\\\/instrukcja-usuniecia-konta-uzytkownika\\\/#breadcrumb\",\"itemListElement\":[{\"@type\":\"ListItem\",\"position\":1,\"name\":\"Funkcje\",\"item\":\"https:\\\/\\\/b4sportonline.pl\\\/funkcje\\\/\"},{\"@type\":\"ListItem\",\"position\":2,\"name\":\"Instrukcja usuni\u0119cia konta u\u017cytkownika\"}]},{\"@type\":\"WebSite\",\"@id\":\"https:\\\/\\\/b4sportonline.pl\\\/funkcje\\\/#website\",\"url\":\"https:\\\/\\\/b4sportonline.pl\\\/funkcje\\\/\",\"name\":\"Funkcje - B4SPORTONLINE\",\"description\":\"Funkcjonalno\u015bci platformy do zapis\u00f3w B4SPORTONLINE\",\"potentialAction\":[{\"@type\":\"SearchAction\",\"target\":{\"@type\":\"EntryPoint\",\"urlTemplate\":\"https:\\\/\\\/b4sportonline.pl\\\/funkcje\\\/?s={search_term_string}\"},\"query-input\":{\"@type\":\"PropertyValueSpecification\",\"valueRequired\":true,\"valueName\":\"search_term_string\"}}],\"inLanguage\":\"pl-PL\"}]}<\/script>\n<!-- \/ Yoast SEO plugin. -->","yoast_head_json":{"title":"Instrukcja usuni\u0119cia konta u\u017cytkownika - Funkcje - B4SPORTONLINE","description":"Chcesz usun\u0105\u0107 swoje konto i tym samym wszelkie dane osobowe z platformy b4sportonline.pl?Oto kr\u00f3tka instrukcja.","robots":{"index":"index","follow":"follow","max-snippet":"max-snippet:-1","max-image-preview":"max-image-preview:large","max-video-preview":"max-video-preview:-1"},"canonical":"https:\/\/b4sportonline.pl\/funkcje\/instrukcja-usuniecia-konta-uzytkownika\/","og_locale":"pl_PL","og_type":"article","og_title":"Instrukcja usuni\u0119cia konta u\u017cytkownika - Funkcje - B4SPORTONLINE","og_description":"Chcesz usun\u0105\u0107 swoje konto i tym samym wszelkie dane osobowe z platformy b4sportonline.pl?Oto kr\u00f3tka instrukcja.","og_url":"https:\/\/b4sportonline.pl\/funkcje\/instrukcja-usuniecia-konta-uzytkownika\/","og_site_name":"Funkcje - B4SPORTONLINE","article_modified_time":"2023-05-10T12:41:34+00:00","twitter_card":"summary_large_image","twitter_misc":{"Szacowany czas czytania":"3 minuty"},"schema":{"@context":"https:\/\/schema.org","@graph":[{"@type":"WebPage","@id":"https:\/\/b4sportonline.pl\/funkcje\/instrukcja-usuniecia-konta-uzytkownika\/","url":"https:\/\/b4sportonline.pl\/funkcje\/instrukcja-usuniecia-konta-uzytkownika\/","name":"Instrukcja usuni\u0119cia konta u\u017cytkownika - Funkcje - B4SPORTONLINE","isPartOf":{"@id":"https:\/\/b4sportonline.pl\/funkcje\/#website"},"datePublished":"2023-04-26T09:05:54+00:00","dateModified":"2023-05-10T12:41:34+00:00","description":"Chcesz usun\u0105\u0107 swoje konto i tym samym wszelkie dane osobowe z platformy b4sportonline.pl?Oto kr\u00f3tka instrukcja.","breadcrumb":{"@id":"https:\/\/b4sportonline.pl\/funkcje\/instrukcja-usuniecia-konta-uzytkownika\/#breadcrumb"},"inLanguage":"pl-PL","potentialAction":[{"@type":"ReadAction","target":["https:\/\/b4sportonline.pl\/funkcje\/instrukcja-usuniecia-konta-uzytkownika\/"]}]},{"@type":"BreadcrumbList","@id":"https:\/\/b4sportonline.pl\/funkcje\/instrukcja-usuniecia-konta-uzytkownika\/#breadcrumb","itemListElement":[{"@type":"ListItem","position":1,"name":"Funkcje","item":"https:\/\/b4sportonline.pl\/funkcje\/"},{"@type":"ListItem","position":2,"name":"Instrukcja usuni\u0119cia konta u\u017cytkownika"}]},{"@type":"WebSite","@id":"https:\/\/b4sportonline.pl\/funkcje\/#website","url":"https:\/\/b4sportonline.pl\/funkcje\/","name":"Funkcje - B4SPORTONLINE","description":"Funkcjonalno\u015bci platformy do zapis\u00f3w B4SPORTONLINE","potentialAction":[{"@type":"SearchAction","target":{"@type":"EntryPoint","urlTemplate":"https:\/\/b4sportonline.pl\/funkcje\/?s={search_term_string}"},"query-input":{"@type":"PropertyValueSpecification","valueRequired":true,"valueName":"search_term_string"}}],"inLanguage":"pl-PL"}]}},"_links":{"self":[{"href":"https:\/\/b4sportonline.pl\/funkcje\/wp-json\/wp\/v2\/pages\/635","targetHints":{"allow":["GET"]}}],"collection":[{"href":"https:\/\/b4sportonline.pl\/funkcje\/wp-json\/wp\/v2\/pages"}],"about":[{"href":"https:\/\/b4sportonline.pl\/funkcje\/wp-json\/wp\/v2\/types\/page"}],"author":[{"embeddable":true,"href":"https:\/\/b4sportonline.pl\/funkcje\/wp-json\/wp\/v2\/users\/2"}],"replies":[{"embeddable":true,"href":"https:\/\/b4sportonline.pl\/funkcje\/wp-json\/wp\/v2\/comments?post=635"}],"version-history":[{"count":11,"href":"https:\/\/b4sportonline.pl\/funkcje\/wp-json\/wp\/v2\/pages\/635\/revisions"}],"predecessor-version":[{"id":1010,"href":"https:\/\/b4sportonline.pl\/funkcje\/wp-json\/wp\/v2\/pages\/635\/revisions\/1010"}],"wp:attachment":[{"href":"https:\/\/b4sportonline.pl\/funkcje\/wp-json\/wp\/v2\/media?parent=635"}],"curies":[{"name":"wp","href":"https:\/\/api.w.org\/{rel}","templated":true}]}}