{"id":488,"date":"2023-03-01T15:39:40","date_gmt":"2023-03-01T14:39:40","guid":{"rendered":"https:\/\/b4sportonline.pl\/funkcje\/?page_id=488"},"modified":"2023-10-27T11:52:33","modified_gmt":"2023-10-27T09:52:33","slug":"metody-platnosci","status":"publish","type":"page","link":"https:\/\/b4sportonline.pl\/funkcje\/metody-platnosci\/","title":{"rendered":"Metody p\u0142atno\u015bci"},"content":{"rendered":"<p>[et_pb_section fb_built=&#8221;1&#8243; _builder_version=&#8221;4.19.4&#8243; _module_preset=&#8221;default&#8221; background_color=&#8221;#112B50&#8243; background_enable_image=&#8221;off&#8221; background_blend=&#8221;soft-light&#8221; min_height=&#8221;680.8px&#8221; max_height=&#8221;771px&#8221; max_height_tablet=&#8221;100%&#8221; max_height_phone=&#8221;100%&#8221; max_height_last_edited=&#8221;on|tablet&#8221; global_colors_info=&#8221;{}&#8221; custom_css_main_element_last_edited=&#8221;on|desktop&#8221; custom_css_main_element_tablet=&#8221;.left { ||  width: 50%;||  float: left;||  background-color: rgba(1, 160, 226, 0.5);||}&#8221; custom_css_main_element_phone=&#8221;.left { ||  width: 50%;||  float: left;||  background-color: rgba(1, 160, 226, 0.5);||}&#8221;][et_pb_row make_equal=&#8221;on&#8221; custom_padding_last_edited=&#8221;on|phone&#8221; _builder_version=&#8221;4.19.4&#8243; _module_preset=&#8221;default&#8221; module_alignment=&#8221;center&#8221; custom_margin=&#8221;||||false|true&#8221; custom_padding=&#8221;90px|2%|90px|2%|true|true&#8221; custom_padding_tablet=&#8221;50px||50px||true|true&#8221; custom_padding_phone=&#8221;24px||24px||true|true&#8221; custom_css_main_element=&#8221;align-self: center;&#8221; global_colors_info=&#8221;{}&#8221;][et_pb_column type=&#8221;4_4&#8243; _builder_version=&#8221;4.19.4&#8243; _module_preset=&#8221;default&#8221; custom_css_main_element=&#8221;align-self: center;&#8221; global_colors_info=&#8221;{}&#8221;][et_pb_text _builder_version=&#8221;4.20.4&#8243; _module_preset=&#8221;4ad33bc0-0609-40e0-ab5c-bae87668f265&#8243; global_colors_info=&#8221;{}&#8221;]<\/p>\n<h1>Metody p\u0142atno\u015bci<\/h1>\n<p>Poznaj dost\u0119pne metody p\u0142atno\u015bci na naszej platformie B4SPORTONLINE. Podepnij wybran\u0105 metod\u0119 do formularza zapis\u00f3w na swoje zawody sportowych!<\/p>\n<p>[\/et_pb_text][\/et_pb_column][\/et_pb_row][et_pb_row column_structure=&#8221;1_2,1_2&#8243; _builder_version=&#8221;4.19.4&#8243; _module_preset=&#8221;default&#8221; global_colors_info=&#8221;{}&#8221;][et_pb_column type=&#8221;1_2&#8243; _builder_version=&#8221;4.19.4&#8243; _module_preset=&#8221;default&#8221; global_colors_info=&#8221;{}&#8221;][et_pb_button button_url=&#8221;#jak&#8221; button_text=&#8221;Jak zdefiniowa\u0107 metody p\u0142atno\u015bci?&#8221; _builder_version=&#8221;4.19.4&#8243; _module_preset=&#8221;cc1034a7-e58f-4c68-ab43-e61f9b9d1fae&#8221; button_icon_color=&#8221;#F6B70E&#8221; global_colors_info=&#8221;{}&#8221; button_text_color__hover_enabled=&#8221;on|hover&#8221; button_text_color__hover=&#8221;#F6B70E&#8221; button_border_color__hover_enabled=&#8221;on|hover&#8221; button_border_color__hover=&#8221;#F6B70E&#8221;][\/et_pb_button][\/et_pb_column][et_pb_column type=&#8221;1_2&#8243; _builder_version=&#8221;4.19.4&#8243; _module_preset=&#8221;default&#8221; global_colors_info=&#8221;{}&#8221;][et_pb_button button_url=&#8221;#po-co&#8221; button_text=&#8221;Dost\u0119pne metody p\u0142atno\u015bci&#8221; button_text_phone=&#8221;Po co u\u017cywa\u0107 kod\u00f3w rabatowych?&#8221; button_text_last_edited=&#8221;off|phone&#8221; _builder_version=&#8221;4.19.4&#8243; _module_preset=&#8221;cc1034a7-e58f-4c68-ab43-e61f9b9d1fae&#8221; button_icon_color=&#8221;#F6B70E&#8221; global_colors_info=&#8221;{}&#8221; button_text_color__hover_enabled=&#8221;on|hover&#8221; button_text_color__hover=&#8221;#F6B70E&#8221; button_border_color__hover_enabled=&#8221;on|hover&#8221; button_border_color__hover=&#8221;#F6B70E&#8221;][\/et_pb_button][\/et_pb_column][\/et_pb_row][\/et_pb_section][et_pb_section fb_built=&#8221;1&#8243; module_id=&#8221;po-co&#8221; _builder_version=&#8221;4.19.4&#8243; _module_preset=&#8221;default&#8221; background_color=&#8221;#F2F2F2&#8243; custom_padding=&#8221;90px|||||&#8221; global_colors_info=&#8221;{}&#8221;][et_pb_row _builder_version=&#8221;4.19.4&#8243; _module_preset=&#8221;default&#8221; global_colors_info=&#8221;{}&#8221;][et_pb_column type=&#8221;4_4&#8243; _builder_version=&#8221;4.19.4&#8243; _module_preset=&#8221;default&#8221; global_colors_info=&#8221;{}&#8221;][et_pb_text _builder_version=&#8221;4.20.4&#8243; _module_preset=&#8221;63a5e5b3-140f-4b94-855d-1c3416e18c2f&#8221; global_colors_info=&#8221;{}&#8221;]<\/p>\n<h2>Dost\u0119pne p\u0142atno\u015bci<\/h2>\n<p>Wybierz odpowiedni\u0105 metod\u0119 p\u0142atno\u015bci dla swoich zawod\u00f3w sportowych.<\/p>\n<p>[\/et_pb_text][\/et_pb_column][\/et_pb_row][\/et_pb_section][et_pb_section fb_built=&#8221;1&#8243; _builder_version=&#8221;4.19.4&#8243; _module_preset=&#8221;default&#8221; use_background_color_gradient=&#8221;on&#8221; background_color_gradient_stops=&#8221;#f2f2f2 0%|#ffffff 100%&#8221; custom_margin=&#8221;-1px||||false|false&#8221; custom_padding=&#8221;60px|||||&#8221; locked=&#8221;off&#8221; global_colors_info=&#8221;{}&#8221;][et_pb_row column_structure=&#8221;1_2,1_2&#8243; _builder_version=&#8221;4.19.4&#8243; _module_preset=&#8221;default&#8221; global_colors_info=&#8221;{}&#8221;][et_pb_column type=&#8221;1_2&#8243; _builder_version=&#8221;4.19.4&#8243; _module_preset=&#8221;default&#8221; global_colors_info=&#8221;{}&#8221;][et_pb_blurb title=&#8221;Tradycyjny przelew&#8221; use_icon=&#8221;on&#8221; font_icon=&#8221;&#xf19c;||fa||900&#8243; icon_color=&#8221;#00A0E3&#8243; _builder_version=&#8221;4.19.4&#8243; _module_preset=&#8221;default&#8221; header_font=&#8221;|600||on|||||&#8221; header_text_align=&#8221;center&#8221; header_text_color=&#8221;#00A0E3&#8243; header_font_size=&#8221;25px&#8221; header_line_height=&#8221;1.5em&#8221; text_orientation=&#8221;center&#8221; global_colors_info=&#8221;{}&#8221;][\/et_pb_blurb][\/et_pb_column][et_pb_column type=&#8221;1_2&#8243; _builder_version=&#8221;4.19.4&#8243; _module_preset=&#8221;default&#8221; global_colors_info=&#8221;{}&#8221;][et_pb_blurb title=&#8221;Autopay&#8221; use_icon=&#8221;on&#8221; font_icon=&#8221;&#xf09d;||fa||900&#8243; icon_color=&#8221;#00A0E3&#8243; _builder_version=&#8221;4.19.4&#8243; _dynamic_attributes=&#8221;link_option_url&#8221; _module_preset=&#8221;default&#8221; header_font=&#8221;|600||on|||||&#8221; header_text_align=&#8221;center&#8221; header_text_color=&#8221;#00A0E3&#8243; header_font_size=&#8221;25px&#8221; header_line_height=&#8221;1.5em&#8221; text_orientation=&#8221;center&#8221; link_option_url=&#8221;@ET-DC@eyJkeW5hbWljIjp0cnVlLCJjb250ZW50IjoicG9zdF9saW5rX3VybF9wYWdlIiwic2V0dGluZ3MiOnsicG9zdF9pZCI6IjI0OSJ9fQ==@&#8221; global_colors_info=&#8221;{}&#8221;][\/et_pb_blurb][\/et_pb_column][\/et_pb_row][\/et_pb_section][et_pb_section fb_built=&#8221;1&#8243; module_id=&#8221;jak&#8221; _builder_version=&#8221;4.19.4&#8243; _module_preset=&#8221;default&#8221; global_colors_info=&#8221;{}&#8221;][et_pb_row _builder_version=&#8221;4.19.4&#8243; _module_preset=&#8221;default&#8221; global_colors_info=&#8221;{}&#8221;][et_pb_column type=&#8221;4_4&#8243; _builder_version=&#8221;4.19.4&#8243; _module_preset=&#8221;default&#8221; global_colors_info=&#8221;{}&#8221;][et_pb_text _builder_version=&#8221;4.19.4&#8243; _module_preset=&#8221;default&#8221; text_font_size=&#8221;21px&#8221; text_line_height=&#8221;1.9em&#8221; header_2_font=&#8221;|700|||||||&#8221; header_2_text_align=&#8221;center&#8221; header_2_font_size=&#8221;40px&#8221; text_orientation=&#8221;center&#8221; global_colors_info=&#8221;{}&#8221;]<\/p>\n<h2>Jak zdefiniowa\u0107 metody p\u0142atno\u015bci?<\/h2>\n<p>[\/et_pb_text][\/et_pb_column][\/et_pb_row][et_pb_row _builder_version=&#8221;4.19.4&#8243; _module_preset=&#8221;default&#8221; width=&#8221;80%&#8221; module_alignment=&#8221;center&#8221; custom_margin=&#8221;|auto||56px||&#8221; locked=&#8221;off&#8221; global_colors_info=&#8221;{}&#8221;][et_pb_column type=&#8221;4_4&#8243; _builder_version=&#8221;4.19.4&#8243; _module_preset=&#8221;default&#8221; global_colors_info=&#8221;{}&#8221;][et_pb_text ol_position=&#8221;outside&#8221; _builder_version=&#8221;4.19.4&#8243; _module_preset=&#8221;65cd705f-5c18-48bc-a3a8-6a0340a1cfbd&#8221; ol_line_height=&#8221;2.1em&#8221; custom_margin=&#8221;||26px|||&#8221; global_colors_info=&#8221;{}&#8221;]<\/p>\n<p>W kreatorze podczas tworzenia imprezy mo\u017cesz okre\u015bli\u0107 czy udzia\u0142 jest bezp\u0142atny czy p\u0142atny. W ustawieniach imprezy mo\u017cesz wybra\u0107 metody p\u0142atno\u015bci, aby to zrobi\u0107:<\/p>\n<ol>\n<li>Zaloguj si\u0119 do systemu b4sportonline.pl<\/li>\n<li>Wybierz bieg i przejd\u017a do zak\u0142adki &#8222;<strong>P\u0142atno\u015bci<\/strong>&#8222;<\/li>\n<li>Mo\u017cesz wybra\u0107 metody p\u0142atno\u015bci &#8211;<strong> przelew tradycyjny<\/strong> oraz bramk\u0119 <a href=\"\/funkcje\/platnosci-blue-media\/\"><strong>Autopay<\/strong><\/a>, kt\u00f3ra udost\u0119pnia mo\u017cliwo\u015b\u0107 p\u0142atno\u015bci kart\u0105, blikiem i przelewami natychmiastowymi.<\/li>\n<\/ol>\n<p>[\/et_pb_text][et_pb_gallery gallery_ids=&#8221;495&#8243; fullwidth=&#8221;on&#8221; _builder_version=&#8221;4.19.4&#8243; _module_preset=&#8221;default&#8221; max_width=&#8221;750px&#8221; module_alignment=&#8221;center&#8221; global_colors_info=&#8221;{}&#8221;][\/et_pb_gallery][et_pb_text disabled_on=&#8221;off|off|off&#8221; _builder_version=&#8221;4.19.4&#8243; _module_preset=&#8221;default&#8221; text_text_color=&#8221;#1D1D1D&#8221; background_color=&#8221;#f4d47a&#8221; custom_padding=&#8221;21px|28px|21px|28px|true|true&#8221; border_radii=&#8221;on|12px|12px|12px|12px&#8221; global_colors_info=&#8221;{}&#8221;]<\/p>\n<p><strong>PAMI\u0118TAJ!<\/strong> Aby m\u00f3c korzysta\u0107 z bramki p\u0142atniczej, musisz posiada\u0107 zweryfikowane konto na Autopay i powi\u0105za\u0107 je z kontem B4SPORTONLINE. Szczeg\u00f3\u0142owa instrukcja <a href=\"\/funkcje\/platnosci-blue-media\/\"><strong>tutaj<\/strong><\/a>.<\/p>\n<p>[\/et_pb_text][\/et_pb_column][\/et_pb_row][et_pb_row _builder_version=&#8221;4.19.4&#8243; _module_preset=&#8221;default&#8221; global_module=&#8221;697&#8243; locked=&#8221;off&#8221; global_colors_info=&#8221;{}&#8221;][et_pb_column type=&#8221;4_4&#8243; _builder_version=&#8221;4.19.4&#8243; _module_preset=&#8221;default&#8221; global_colors_info=&#8221;{}&#8221;][et_pb_button button_url=&#8221;@ET-DC@eyJkeW5hbWljIjp0cnVlLCJjb250ZW50IjoicG9zdF9saW5rX3VybF9wYWdlIiwic2V0dGluZ3MiOnsicG9zdF9pZCI6IjEyIn19@&#8221; button_text=&#8221;WR\u00d3\u0106 DO LISTY FUNKCJI&#8221; button_alignment=&#8221;center&#8221; _builder_version=&#8221;4.19.4&#8243; _dynamic_attributes=&#8221;button_url&#8221; _module_preset=&#8221;default&#8221; button_text_color=&#8221;#112B50&#8243; button_bg_color=&#8221;#FFFFFF&#8221; button_border_width=&#8221;2px&#8221; button_border_color=&#8221;#112B50&#8243; global_colors_info=&#8221;{}&#8221;][\/et_pb_button][\/et_pb_column][\/et_pb_row][\/et_pb_section][et_pb_section fb_built=&#8221;1&#8243; disabled_on=&#8221;off|off|off&#8221; _builder_version=&#8221;4.20.4&#8243; _module_preset=&#8221;default&#8221; background_color=&#8221;#00A0E3&#8243; background_enable_mask_style=&#8221;on&#8221; background_mask_style=&#8221;corner-pill&#8221; background_mask_color=&#8221;#FFFFFF&#8221; background_mask_transform=&#8221;flip_vertical&#8221; background_mask_size=&#8221;cover&#8221; background_mask_position=&#8221;center_left&#8221; background_mask_horizontal_offset=&#8221;-1%&#8221; height=&#8221;100%&#8221; custom_margin=&#8221;-1px||||false|false&#8221; background_last_edited=&#8221;on|phone&#8221; background_enable_mask_style_phone=&#8221;off&#8221; background_mask_horizontal_offset_tablet=&#8221;0%&#8221; global_module=&#8221;203&#8243; saved_tabs=&#8221;all&#8221; global_colors_info=&#8221;{}&#8221;][et_pb_row _builder_version=&#8221;4.19.4&#8243; _module_preset=&#8221;default&#8221; global_colors_info=&#8221;{}&#8221;][et_pb_column type=&#8221;4_4&#8243; _builder_version=&#8221;4.19.4&#8243; _module_preset=&#8221;default&#8221; global_colors_info=&#8221;{}&#8221;][et_pb_text _builder_version=&#8221;4.19.4&#8243; _module_preset=&#8221;default&#8221; text_font_size=&#8221;21px&#8221; text_line_height=&#8221;1.9em&#8221; header_2_font=&#8221;|700|||||||&#8221; header_2_text_align=&#8221;center&#8221; header_2_font_size=&#8221;40px&#8221; text_orientation=&#8221;center&#8221; global_colors_info=&#8221;{}&#8221;]<\/p>\n<h2>Poznaj inne funkcjonalno\u015bci<\/h2>\n<p>[\/et_pb_text][\/et_pb_column][\/et_pb_row][et_pb_row column_structure=&#8221;1_4,1_4,1_4,1_4&#8243; make_equal=&#8221;on&#8221; _builder_version=&#8221;4.20.4&#8243; _module_preset=&#8221;default&#8221; custom_padding=&#8221;||||false&#8221; locked=&#8221;off&#8221; global_colors_info=&#8221;{}&#8221;][et_pb_column type=&#8221;1_4&#8243; _builder_version=&#8221;4.19.4&#8243; _module_preset=&#8221;default&#8221; global_colors_info=&#8221;{}&#8221;][et_pb_cta title=&#8221;Klasyfikacja dru\u017cynowa&#8221; button_url=&#8221;@ET-DC@eyJkeW5hbWljIjp0cnVlLCJjb250ZW50IjoicG9zdF9saW5rX3VybF9wYWdlIiwic2V0dGluZ3MiOnsicG9zdF9pZCI6IjQzMyJ9fQ==@&#8221; button_text=&#8221;Wi\u0119cej&#8221; _builder_version=&#8221;4.19.4&#8243; _dynamic_attributes=&#8221;button_url,link_option_url&#8221; _module_preset=&#8221;default&#8221; link_option_url=&#8221;@ET-DC@eyJkeW5hbWljIjp0cnVlLCJjb250ZW50IjoicG9zdF9saW5rX3VybF9wYWdlIiwic2V0dGluZ3MiOnsicG9zdF9pZCI6IjQzMyJ9fQ==@&#8221; locked=&#8221;off&#8221; global_colors_info=&#8221;{}&#8221;]<\/p>\n<p><span>Zawodnicy chc\u0105c uczestniczy\u0107 ze swoim ulubionym zespo\u0142em mog\u0105 zach\u0119ci\u0107 nowe osoby do uczestnictwa w zawodach.<\/span><\/p>\n<p>[\/et_pb_cta][\/et_pb_column][et_pb_column type=&#8221;1_4&#8243; _builder_version=&#8221;4.19.4&#8243; _module_preset=&#8221;default&#8221; global_colors_info=&#8221;{}&#8221;][et_pb_cta title=&#8221;P\u0142atno\u015bci Autopay&#8221; button_url=&#8221;@ET-DC@eyJkeW5hbWljIjp0cnVlLCJjb250ZW50IjoicG9zdF9saW5rX3VybF9wYWdlIiwic2V0dGluZ3MiOnsicG9zdF9pZCI6IjI0OSJ9fQ==@&#8221; button_text=&#8221;Wi\u0119cej&#8221; _builder_version=&#8221;4.20.4&#8243; _dynamic_attributes=&#8221;button_url,link_option_url&#8221; _module_preset=&#8221;default&#8221; link_option_url=&#8221;@ET-DC@eyJkeW5hbWljIjp0cnVlLCJjb250ZW50IjoicG9zdF9saW5rX3VybF9wYWdlIiwic2V0dGluZ3MiOnsicG9zdF9pZCI6IjI0OSJ9fQ==@&#8221; locked=&#8221;off&#8221; global_colors_info=&#8221;{}&#8221;]<\/p>\n<p>Po\u0142\u0105cz swoje konto organizatora z Autopay. Skorzystaj z \u0142atwych oraz bezpiecznych p\u0142atno\u015bci.<\/p>\n<p>[\/et_pb_cta][\/et_pb_column][et_pb_column type=&#8221;1_4&#8243; _builder_version=&#8221;4.19.4&#8243; _module_preset=&#8221;default&#8221; global_colors_info=&#8221;{}&#8221;][et_pb_cta title=&#8221;Wydruki&#8221; button_url=&#8221;@ET-DC@eyJkeW5hbWljIjp0cnVlLCJjb250ZW50IjoicG9zdF9saW5rX3VybF9wYWdlIiwic2V0dGluZ3MiOnsicG9zdF9pZCI6IjIzMyJ9fQ==@&#8221; button_text=&#8221;Wi\u0119cej&#8221; _builder_version=&#8221;4.19.4&#8243; _dynamic_attributes=&#8221;button_url,link_option_url&#8221; _module_preset=&#8221;default&#8221; link_option_url=&#8221;@ET-DC@eyJkeW5hbWljIjp0cnVlLCJjb250ZW50IjoicG9zdF9saW5rX3VybF9wYWdlIiwic2V0dGluZ3MiOnsicG9zdF9pZCI6IjIzMyJ9fQ==@&#8221; locked=&#8221;off&#8221; global_colors_info=&#8221;{}&#8221;]<\/p>\n<p>Chcesz wydrukowa\u0107 <strong>karty uczestnik\u00f3w<\/strong>? Poznaj opcje wydruki. Zobacz jak zmodyfikowa\u0107 kart\u0119 do potrzeb zawod\u00f3w.<\/p>\n<p>[\/et_pb_cta][\/et_pb_column][et_pb_column type=&#8221;1_4&#8243; _builder_version=&#8221;4.19.4&#8243; _module_preset=&#8221;default&#8221; global_colors_info=&#8221;{}&#8221;][et_pb_cta title=&#8221;Kreator maili&#8221; button_url=&#8221;@ET-DC@eyJkeW5hbWljIjp0cnVlLCJjb250ZW50IjoicG9zdF9saW5rX3VybF9wYWdlIiwic2V0dGluZ3MiOnsicG9zdF9pZCI6IjI4NCJ9fQ==@&#8221; button_text=&#8221;Wi\u0119cej&#8221; _builder_version=&#8221;4.20.4&#8243; _dynamic_attributes=&#8221;button_url,link_option_url&#8221; _module_preset=&#8221;default&#8221; link_option_url=&#8221;@ET-DC@eyJkeW5hbWljIjp0cnVlLCJjb250ZW50IjoicG9zdF9saW5rX3VybF9wYWdlIiwic2V0dGluZ3MiOnsicG9zdF9pZCI6IjI4NCJ9fQ==@&#8221; locked=&#8221;off&#8221; global_colors_info=&#8221;{}&#8221;]<\/p>\n<p>Tw\u00f3rz wyj\u0105tkowe kampanie mailingowe. Promuj swoje wydarzenia sportowe oraz sponsor\u00f3w.<\/p>\n<p>[\/et_pb_cta][\/et_pb_column][\/et_pb_row][\/et_pb_section]<\/p>\n","protected":false},"excerpt":{"rendered":"<p>Metody p\u0142atno\u015bci Poznaj dost\u0119pne metody p\u0142atno\u015bci na naszej platformie B4SPORTONLINE. Podepnij wybran\u0105 metod\u0119 do formularza zapis\u00f3w na swoje zawody sportowych!Dost\u0119pne p\u0142atno\u015bci Wybierz odpowiedni\u0105 metod\u0119 p\u0142atno\u015bci dla swoich zawod\u00f3w sportowych.Jak zdefiniowa\u0107 metody p\u0142atno\u015bci?W kreatorze podczas tworzenia imprezy mo\u017cesz okre\u015bli\u0107 czy udzia\u0142 jest bezp\u0142atny czy p\u0142atny. W ustawieniach imprezy mo\u017cesz wybra\u0107 metody p\u0142atno\u015bci, aby to zrobi\u0107: Zaloguj [&hellip;]<\/p>\n","protected":false},"author":1,"featured_media":0,"parent":0,"menu_order":0,"comment_status":"closed","ping_status":"closed","template":"","meta":{"_et_pb_use_builder":"on","_et_pb_old_content":"","_et_gb_content_width":"","inline_featured_image":false,"footnotes":""},"class_list":["post-488","page","type-page","status-publish","hentry"],"yoast_head":"<!-- This site is optimized with the Yoast SEO plugin v27.4 - https:\/\/yoast.com\/product\/yoast-seo-wordpress\/ -->\n<title>Metody p\u0142atno\u015bci - Funkcje - B4SPORTONLINE<\/title>\n<meta name=\"description\" content=\"Poznaj dost\u0119pne metody p\u0142atno\u015bci na naszej platformie B4SPORTONLINE. Podepnij wybran\u0105 metod\u0119 do formularza zapis\u00f3w na swoje zawody sportowych!\" \/>\n<meta name=\"robots\" content=\"index, follow, max-snippet:-1, max-image-preview:large, max-video-preview:-1\" \/>\n<link rel=\"canonical\" href=\"https:\/\/b4sportonline.pl\/funkcje\/metody-platnosci\/\" \/>\n<meta property=\"og:locale\" content=\"pl_PL\" \/>\n<meta property=\"og:type\" content=\"article\" \/>\n<meta property=\"og:title\" content=\"Metody p\u0142atno\u015bci - Funkcje - B4SPORTONLINE\" \/>\n<meta property=\"og:description\" content=\"Poznaj dost\u0119pne metody p\u0142atno\u015bci na naszej platformie B4SPORTONLINE. Podepnij wybran\u0105 metod\u0119 do formularza zapis\u00f3w na swoje zawody sportowych!\" \/>\n<meta property=\"og:url\" content=\"https:\/\/b4sportonline.pl\/funkcje\/metody-platnosci\/\" \/>\n<meta property=\"og:site_name\" content=\"Funkcje - B4SPORTONLINE\" \/>\n<meta property=\"article:modified_time\" content=\"2023-10-27T09:52:33+00:00\" \/>\n<meta name=\"twitter:card\" content=\"summary_large_image\" \/>\n<meta name=\"twitter:label1\" content=\"Szacowany czas czytania\" \/>\n\t<meta name=\"twitter:data1\" content=\"4 minuty\" \/>\n<script type=\"application\/ld+json\" class=\"yoast-schema-graph\">{\"@context\":\"https:\\\/\\\/schema.org\",\"@graph\":[{\"@type\":\"WebPage\",\"@id\":\"https:\\\/\\\/b4sportonline.pl\\\/funkcje\\\/metody-platnosci\\\/\",\"url\":\"https:\\\/\\\/b4sportonline.pl\\\/funkcje\\\/metody-platnosci\\\/\",\"name\":\"Metody p\u0142atno\u015bci - Funkcje - B4SPORTONLINE\",\"isPartOf\":{\"@id\":\"https:\\\/\\\/b4sportonline.pl\\\/funkcje\\\/#website\"},\"datePublished\":\"2023-03-01T14:39:40+00:00\",\"dateModified\":\"2023-10-27T09:52:33+00:00\",\"description\":\"Poznaj dost\u0119pne metody p\u0142atno\u015bci na naszej platformie B4SPORTONLINE. Podepnij wybran\u0105 metod\u0119 do formularza zapis\u00f3w na swoje zawody sportowych!\",\"breadcrumb\":{\"@id\":\"https:\\\/\\\/b4sportonline.pl\\\/funkcje\\\/metody-platnosci\\\/#breadcrumb\"},\"inLanguage\":\"pl-PL\",\"potentialAction\":[{\"@type\":\"ReadAction\",\"target\":[\"https:\\\/\\\/b4sportonline.pl\\\/funkcje\\\/metody-platnosci\\\/\"]}]},{\"@type\":\"BreadcrumbList\",\"@id\":\"https:\\\/\\\/b4sportonline.pl\\\/funkcje\\\/metody-platnosci\\\/#breadcrumb\",\"itemListElement\":[{\"@type\":\"ListItem\",\"position\":1,\"name\":\"Funkcje\",\"item\":\"https:\\\/\\\/b4sportonline.pl\\\/funkcje\\\/\"},{\"@type\":\"ListItem\",\"position\":2,\"name\":\"Metody p\u0142atno\u015bci\"}]},{\"@type\":\"WebSite\",\"@id\":\"https:\\\/\\\/b4sportonline.pl\\\/funkcje\\\/#website\",\"url\":\"https:\\\/\\\/b4sportonline.pl\\\/funkcje\\\/\",\"name\":\"Funkcje - B4SPORTONLINE\",\"description\":\"Funkcjonalno\u015bci platformy do zapis\u00f3w B4SPORTONLINE\",\"potentialAction\":[{\"@type\":\"SearchAction\",\"target\":{\"@type\":\"EntryPoint\",\"urlTemplate\":\"https:\\\/\\\/b4sportonline.pl\\\/funkcje\\\/?s={search_term_string}\"},\"query-input\":{\"@type\":\"PropertyValueSpecification\",\"valueRequired\":true,\"valueName\":\"search_term_string\"}}],\"inLanguage\":\"pl-PL\"}]}<\/script>\n<!-- \/ Yoast SEO plugin. -->","yoast_head_json":{"title":"Metody p\u0142atno\u015bci - Funkcje - B4SPORTONLINE","description":"Poznaj dost\u0119pne metody p\u0142atno\u015bci na naszej platformie B4SPORTONLINE. Podepnij wybran\u0105 metod\u0119 do formularza zapis\u00f3w na swoje zawody sportowych!","robots":{"index":"index","follow":"follow","max-snippet":"max-snippet:-1","max-image-preview":"max-image-preview:large","max-video-preview":"max-video-preview:-1"},"canonical":"https:\/\/b4sportonline.pl\/funkcje\/metody-platnosci\/","og_locale":"pl_PL","og_type":"article","og_title":"Metody p\u0142atno\u015bci - Funkcje - B4SPORTONLINE","og_description":"Poznaj dost\u0119pne metody p\u0142atno\u015bci na naszej platformie B4SPORTONLINE. Podepnij wybran\u0105 metod\u0119 do formularza zapis\u00f3w na swoje zawody sportowych!","og_url":"https:\/\/b4sportonline.pl\/funkcje\/metody-platnosci\/","og_site_name":"Funkcje - B4SPORTONLINE","article_modified_time":"2023-10-27T09:52:33+00:00","twitter_card":"summary_large_image","twitter_misc":{"Szacowany czas czytania":"4 minuty"},"schema":{"@context":"https:\/\/schema.org","@graph":[{"@type":"WebPage","@id":"https:\/\/b4sportonline.pl\/funkcje\/metody-platnosci\/","url":"https:\/\/b4sportonline.pl\/funkcje\/metody-platnosci\/","name":"Metody p\u0142atno\u015bci - Funkcje - B4SPORTONLINE","isPartOf":{"@id":"https:\/\/b4sportonline.pl\/funkcje\/#website"},"datePublished":"2023-03-01T14:39:40+00:00","dateModified":"2023-10-27T09:52:33+00:00","description":"Poznaj dost\u0119pne metody p\u0142atno\u015bci na naszej platformie B4SPORTONLINE. Podepnij wybran\u0105 metod\u0119 do formularza zapis\u00f3w na swoje zawody sportowych!","breadcrumb":{"@id":"https:\/\/b4sportonline.pl\/funkcje\/metody-platnosci\/#breadcrumb"},"inLanguage":"pl-PL","potentialAction":[{"@type":"ReadAction","target":["https:\/\/b4sportonline.pl\/funkcje\/metody-platnosci\/"]}]},{"@type":"BreadcrumbList","@id":"https:\/\/b4sportonline.pl\/funkcje\/metody-platnosci\/#breadcrumb","itemListElement":[{"@type":"ListItem","position":1,"name":"Funkcje","item":"https:\/\/b4sportonline.pl\/funkcje\/"},{"@type":"ListItem","position":2,"name":"Metody p\u0142atno\u015bci"}]},{"@type":"WebSite","@id":"https:\/\/b4sportonline.pl\/funkcje\/#website","url":"https:\/\/b4sportonline.pl\/funkcje\/","name":"Funkcje - B4SPORTONLINE","description":"Funkcjonalno\u015bci platformy do zapis\u00f3w B4SPORTONLINE","potentialAction":[{"@type":"SearchAction","target":{"@type":"EntryPoint","urlTemplate":"https:\/\/b4sportonline.pl\/funkcje\/?s={search_term_string}"},"query-input":{"@type":"PropertyValueSpecification","valueRequired":true,"valueName":"search_term_string"}}],"inLanguage":"pl-PL"}]}},"_links":{"self":[{"href":"https:\/\/b4sportonline.pl\/funkcje\/wp-json\/wp\/v2\/pages\/488","targetHints":{"allow":["GET"]}}],"collection":[{"href":"https:\/\/b4sportonline.pl\/funkcje\/wp-json\/wp\/v2\/pages"}],"about":[{"href":"https:\/\/b4sportonline.pl\/funkcje\/wp-json\/wp\/v2\/types\/page"}],"author":[{"embeddable":true,"href":"https:\/\/b4sportonline.pl\/funkcje\/wp-json\/wp\/v2\/users\/1"}],"replies":[{"embeddable":true,"href":"https:\/\/b4sportonline.pl\/funkcje\/wp-json\/wp\/v2\/comments?post=488"}],"version-history":[{"count":10,"href":"https:\/\/b4sportonline.pl\/funkcje\/wp-json\/wp\/v2\/pages\/488\/revisions"}],"predecessor-version":[{"id":1055,"href":"https:\/\/b4sportonline.pl\/funkcje\/wp-json\/wp\/v2\/pages\/488\/revisions\/1055"}],"wp:attachment":[{"href":"https:\/\/b4sportonline.pl\/funkcje\/wp-json\/wp\/v2\/media?parent=488"}],"curies":[{"name":"wp","href":"https:\/\/api.w.org\/{rel}","templated":true}]}}