{"id":450,"date":"2023-03-01T11:04:27","date_gmt":"2023-03-01T10:04:27","guid":{"rendered":"https:\/\/b4sportonline.pl\/funkcje\/?page_id=450"},"modified":"2023-05-24T15:13:45","modified_gmt":"2023-05-24T13:13:45","slug":"dodatkowe-oplaty","status":"publish","type":"page","link":"https:\/\/b4sportonline.pl\/funkcje\/dodatkowe-oplaty\/","title":{"rendered":"Dodatkowe op\u0142aty"},"content":{"rendered":"\n\n\n[et_pb_section fb_built=&#8221;1&#8243; _builder_version=&#8221;4.19.4&#8243; _module_preset=&#8221;default&#8221; background_color=&#8221;#112B50&#8243; background_enable_image=&#8221;off&#8221; background_blend=&#8221;soft-light&#8221; min_height=&#8221;680.8px&#8221; max_height=&#8221;771px&#8221; max_height_tablet=&#8221;100%&#8221; max_height_phone=&#8221;100%&#8221; max_height_last_edited=&#8221;on|tablet&#8221; global_colors_info=&#8221;{}&#8221; custom_css_main_element_last_edited=&#8221;on|desktop&#8221; custom_css_main_element_tablet=&#8221;.left { ||  width: 50%;||  float: left;||  background-color: rgba(1, 160, 226, 0.5);||}&#8221; custom_css_main_element_phone=&#8221;.left { ||  width: 50%;||  float: left;||  background-color: rgba(1, 160, 226, 0.5);||}&#8221;][et_pb_row make_equal=&#8221;on&#8221; custom_padding_last_edited=&#8221;on|phone&#8221; _builder_version=&#8221;4.19.4&#8243; _module_preset=&#8221;default&#8221; module_alignment=&#8221;center&#8221; custom_margin=&#8221;||||false|true&#8221; custom_padding=&#8221;90px|2%|90px|2%|true|true&#8221; custom_padding_tablet=&#8221;50px||50px||true|true&#8221; custom_padding_phone=&#8221;24px||24px||true|true&#8221; custom_css_main_element=&#8221;align-self: center;&#8221; global_colors_info=&#8221;{}&#8221;][et_pb_column type=&#8221;4_4&#8243; _builder_version=&#8221;4.19.4&#8243; _module_preset=&#8221;default&#8221; custom_css_main_element=&#8221;align-self: center;&#8221; global_colors_info=&#8221;{}&#8221;][et_pb_text _builder_version=&#8221;4.20.4&#8243; _module_preset=&#8221;4ad33bc0-0609-40e0-ab5c-bae87668f265&#8243; hover_enabled=&#8221;0&#8243; global_colors_info=&#8221;{}&#8221; sticky_enabled=&#8221;0&#8243;]<h1>Dodatkowe op\u0142aty<\/h1>\n<p>W formularzu zapis\u00f3w masz mo\u017cliwo\u015b\u0107 definiowania dodatkowych op\u0142at po zaznaczeniu wybranego pola przez u\u017cytkownika. Mo\u017cesz tak\u017ce w\u0142\u0105czy\u0107 op\u0142aty manipulacyjne.<\/p>[\/et_pb_text][\/et_pb_column][\/et_pb_row][et_pb_row column_structure=&#8221;1_2,1_2&#8243; _builder_version=&#8221;4.19.4&#8243; _module_preset=&#8221;default&#8221; global_colors_info=&#8221;{}&#8221;][et_pb_column type=&#8221;1_2&#8243; _builder_version=&#8221;4.19.4&#8243; _module_preset=&#8221;default&#8221; global_colors_info=&#8221;{}&#8221;][et_pb_button button_url=&#8221;#jak&#8221; button_text=&#8221;Jak zdefiniowa\u0107 dodatkowe op\u0142aty?&#8221; _builder_version=&#8221;4.19.4&#8243; _module_preset=&#8221;cc1034a7-e58f-4c68-ab43-e61f9b9d1fae&#8221; button_icon_color=&#8221;#F6B70E&#8221; global_colors_info=&#8221;{}&#8221; button_text_color__hover_enabled=&#8221;on|hover&#8221; button_text_color__hover=&#8221;#F6B70E&#8221; button_border_color__hover_enabled=&#8221;on|hover&#8221; button_border_color__hover=&#8221;#F6B70E&#8221;][\/et_pb_button][\/et_pb_column][et_pb_column type=&#8221;1_2&#8243; _builder_version=&#8221;4.19.4&#8243; _module_preset=&#8221;default&#8221; global_colors_info=&#8221;{}&#8221;][et_pb_button button_url=&#8221;#po-co&#8221; button_text=&#8221;Do czego s\u0142u\u017cy funkcja dodatkowych op\u0142at?&#8221; button_text_phone=&#8221;Po co u\u017cywa\u0107 kod\u00f3w rabatowych?&#8221; button_text_last_edited=&#8221;off|phone&#8221; _builder_version=&#8221;4.19.4&#8243; _module_preset=&#8221;cc1034a7-e58f-4c68-ab43-e61f9b9d1fae&#8221; button_icon_color=&#8221;#F6B70E&#8221; global_colors_info=&#8221;{}&#8221; button_text_color__hover_enabled=&#8221;on|hover&#8221; button_text_color__hover=&#8221;#F6B70E&#8221; button_border_color__hover_enabled=&#8221;on|hover&#8221; button_border_color__hover=&#8221;#F6B70E&#8221;][\/et_pb_button][\/et_pb_column][\/et_pb_row][\/et_pb_section][et_pb_section fb_built=&#8221;1&#8243; module_id=&#8221;po-co&#8221; _builder_version=&#8221;4.19.4&#8243; _module_preset=&#8221;default&#8221; background_color=&#8221;#F2F2F2&#8243; custom_padding=&#8221;90px|||||&#8221; global_colors_info=&#8221;{}&#8221;][et_pb_row _builder_version=&#8221;4.19.4&#8243; _module_preset=&#8221;default&#8221; global_colors_info=&#8221;{}&#8221;][et_pb_column type=&#8221;4_4&#8243; _builder_version=&#8221;4.19.4&#8243; _module_preset=&#8221;default&#8221; global_colors_info=&#8221;{}&#8221;][et_pb_text _builder_version=&#8221;4.19.4&#8243; _module_preset=&#8221;63a5e5b3-140f-4b94-855d-1c3416e18c2f&#8221; global_colors_info=&#8221;{}&#8221;]<h2>Do czego s\u0142u\u017cy funkcja dodatkowych op\u0142at?<\/h2>\n<p>Chcesz <strong>wesprze\u0107 okre\u015blony cel charytatywny<\/strong>? Lub oferowa\u0107 p\u0142atny gad\u017cet? Mo\u017cesz obs\u0142u\u017cy\u0107 to w formularzu z opcj\u0105 dodatkowych op\u0142at. Wystarczy, \u017ce okre\u015blisz warunek, po kt\u00f3rym zawodnik ma ui\u015bci\u0107 dodatkow\u0105 op\u0142at\u0119.<br \/>Dodatkowo mo\u017ce tak\u017ce wyznaczy\u0107 okre\u015blone op\u0142aty manipulacyjne za p\u0142atno\u015b\u0107.<\/p>[\/et_pb_text][\/et_pb_column][\/et_pb_row][\/et_pb_section][et_pb_section fb_built=&#8221;1&#8243; _builder_version=&#8221;4.19.4&#8243; _module_preset=&#8221;default&#8221; use_background_color_gradient=&#8221;on&#8221; background_color_gradient_stops=&#8221;#f2f2f2 0%|#ffffff 100%&#8221; custom_margin=&#8221;-1px||||false|false&#8221; custom_padding=&#8221;60px|||||&#8221; locked=&#8221;off&#8221; global_colors_info=&#8221;{}&#8221;][et_pb_row column_structure=&#8221;1_3,1_3,1_3&#8243; _builder_version=&#8221;4.19.4&#8243; _module_preset=&#8221;default&#8221; global_colors_info=&#8221;{}&#8221;][et_pb_column type=&#8221;1_3&#8243; _builder_version=&#8221;4.19.4&#8243; _module_preset=&#8221;default&#8221; global_colors_info=&#8221;{}&#8221;][et_pb_blurb title=&#8221;Wsparcie organizacji charytatywnych&#8221; use_icon=&#8221;on&#8221; font_icon=&#8221;&#xf4be;||fa||900&#8243; icon_color=&#8221;#00A0E3&#8243; _builder_version=&#8221;4.19.4&#8243; _module_preset=&#8221;default&#8221; header_font=&#8221;|600||on|||||&#8221; header_text_align=&#8221;center&#8221; header_text_color=&#8221;#00A0E3&#8243; header_font_size=&#8221;25px&#8221; header_line_height=&#8221;1.5em&#8221; text_orientation=&#8221;center&#8221; global_colors_info=&#8221;{}&#8221;][\/et_pb_blurb][\/et_pb_column][et_pb_column type=&#8221;1_3&#8243; _builder_version=&#8221;4.19.4&#8243; _module_preset=&#8221;default&#8221; global_colors_info=&#8221;{}&#8221;][et_pb_blurb title=&#8221;Op\u0142aty manipulacyjne&#8221; use_icon=&#8221;on&#8221; font_icon=&#8221;&#xe0d8;||divi||400&#8243; icon_color=&#8221;#00A0E3&#8243; _builder_version=&#8221;4.19.4&#8243; _module_preset=&#8221;default&#8221; header_font=&#8221;|600||on|||||&#8221; header_text_align=&#8221;center&#8221; header_text_color=&#8221;#00A0E3&#8243; header_font_size=&#8221;25px&#8221; header_line_height=&#8221;1.5em&#8221; text_orientation=&#8221;center&#8221; global_colors_info=&#8221;{}&#8221;][\/et_pb_blurb][\/et_pb_column][et_pb_column type=&#8221;1_3&#8243; _builder_version=&#8221;4.19.4&#8243; _module_preset=&#8221;default&#8221; global_colors_info=&#8221;{}&#8221;][et_pb_blurb title=&#8221;Sprzeda\u017c pojedy\u0144czych gad\u017cet\u00f3w&#8221; use_icon=&#8221;on&#8221; font_icon=&#8221;&#xe07c;||divi||400&#8243; icon_color=&#8221;#00A0E3&#8243; _builder_version=&#8221;4.19.4&#8243; _module_preset=&#8221;default&#8221; header_font=&#8221;|600||on|||||&#8221; header_text_align=&#8221;center&#8221; header_text_color=&#8221;#00A0E3&#8243; header_font_size=&#8221;25px&#8221; header_line_height=&#8221;1.5em&#8221; text_orientation=&#8221;center&#8221; global_colors_info=&#8221;{}&#8221;][\/et_pb_blurb][\/et_pb_column][\/et_pb_row][\/et_pb_section][et_pb_section fb_built=&#8221;1&#8243; module_id=&#8221;jak&#8221; _builder_version=&#8221;4.19.4&#8243; _module_preset=&#8221;default&#8221; global_colors_info=&#8221;{}&#8221;][et_pb_row _builder_version=&#8221;4.19.4&#8243; _module_preset=&#8221;default&#8221; global_colors_info=&#8221;{}&#8221;][et_pb_column type=&#8221;4_4&#8243; _builder_version=&#8221;4.19.4&#8243; _module_preset=&#8221;default&#8221; global_colors_info=&#8221;{}&#8221;][et_pb_text _builder_version=&#8221;4.19.4&#8243; _module_preset=&#8221;default&#8221; text_font_size=&#8221;21px&#8221; text_line_height=&#8221;1.9em&#8221; header_2_font=&#8221;|700|||||||&#8221; header_2_text_align=&#8221;center&#8221; header_2_font_size=&#8221;40px&#8221; text_orientation=&#8221;center&#8221; global_colors_info=&#8221;{}&#8221;]<h2>Jak zdefiniowa\u0107 Dodatkowe op\u0142aty?<\/h2>[\/et_pb_text][\/et_pb_column][\/et_pb_row][et_pb_row _builder_version=&#8221;4.19.4&#8243; _module_preset=&#8221;default&#8221; width=&#8221;80%&#8221; module_alignment=&#8221;center&#8221; custom_margin=&#8221;|auto||56px||&#8221; locked=&#8221;off&#8221; global_colors_info=&#8221;{}&#8221;][et_pb_column type=&#8221;4_4&#8243; _builder_version=&#8221;4.19.4&#8243; _module_preset=&#8221;default&#8221; global_colors_info=&#8221;{}&#8221;][et_pb_text ol_position=&#8221;outside&#8221; _builder_version=&#8221;4.19.4&#8243; _module_preset=&#8221;65cd705f-5c18-48bc-a3a8-6a0340a1cfbd&#8221; ol_line_height=&#8221;2.1em&#8221; custom_margin=&#8221;||26px|||&#8221; global_colors_info=&#8221;{}&#8221;]<ol>\n<li>Zaloguj si\u0119 do systemu b4sportonline.pl na konto, na kt\u00f3rym chcesz prowadzi\u0107 zawody.<\/li>\n<li>Wybierz bieg i przejd\u017a do zak\u0142adki <strong>P\u0142atno\u015bci<\/strong><\/li>\n<li>Mo\u017cesz okre\u015bli\u0107 warto\u015b\u0107 dodatkowej op\u0142aty w polu <strong>Suma<\/strong>. Wybierz <strong>+ <\/strong>oraz wpisz warto\u015b\u0107.<\/li>\n<\/ol>[\/et_pb_text][et_pb_text ol_position=&#8221;outside&#8221; _builder_version=&#8221;4.19.4&#8243; _module_preset=&#8221;65cd705f-5c18-48bc-a3a8-6a0340a1cfbd&#8221; ol_line_height=&#8221;2.1em&#8221; custom_margin=&#8221;||14px|||&#8221; global_colors_info=&#8221;{}&#8221;]<ul>\n<li style=\"list-style-type: none;\">\n<ul>\n<li>Op\u0142aty zale\u017cne od odpowiedzi.<\/li>\n<\/ul>\n<\/li>\n<\/ul>[\/et_pb_text][et_pb_gallery gallery_ids=&#8221;453&#8243; fullwidth=&#8221;on&#8221; _builder_version=&#8221;4.19.4&#8243; _module_preset=&#8221;default&#8221; module_alignment=&#8221;center&#8221; global_colors_info=&#8221;{}&#8221;][\/et_pb_gallery][et_pb_text ol_position=&#8221;outside&#8221; _builder_version=&#8221;4.19.4&#8243; _module_preset=&#8221;65cd705f-5c18-48bc-a3a8-6a0340a1cfbd&#8221; ol_line_height=&#8221;2.1em&#8221; custom_margin=&#8221;||14px|||&#8221; global_colors_info=&#8221;{}&#8221;]<ul>\n<li style=\"list-style-type: none;\">\n<ul>\n<li>Dodatkowa op\u0142ata manipulacyjna<\/li>\n<\/ul>\n<\/li>\n<\/ul>[\/et_pb_text][et_pb_gallery gallery_ids=&#8221;454&#8243; fullwidth=&#8221;on&#8221; _builder_version=&#8221;4.19.4&#8243; _module_preset=&#8221;default&#8221; global_colors_info=&#8221;{}&#8221;][\/et_pb_gallery][et_pb_text disabled_on=&#8221;on|on|on&#8221; _builder_version=&#8221;4.19.4&#8243; _module_preset=&#8221;default&#8221; text_text_color=&#8221;#1D1D1D&#8221; background_color=&#8221;#f4d47a&#8221; custom_padding=&#8221;21px|28px|21px|28px|true|true&#8221; border_radii=&#8221;on|12px|12px|12px|12px&#8221; disabled=&#8221;on&#8221; global_colors_info=&#8221;{}&#8221;]<p><strong>PAMI\u0118TAJ!<\/strong> Pami\u0119taj, aby w zarz\u0105dzaniu rejestracj\u0105 doda\u0107 modu\u0142 &#8222;<strong>sklep<\/strong>&#8222;, w przeciwnym wypadku uczestnik nie b\u0119dzie mia\u0142 mo\u017cliwo\u015bci zakupu vouchera. Wa\u017cne! Je\u017celi w sklepie znajduje si\u0119 kilka voucher\u00f3w o r\u00f3\u017cnej kwocie <strong>ich warto\u015b\u0107 nie sumuje si\u0119,<\/strong> je\u015bli uczestnik kupi kilka voucher\u00f3w.<\/p>[\/et_pb_text][\/et_pb_column][\/et_pb_row][et_pb_row _builder_version=&#8221;4.19.4&#8243; _module_preset=&#8221;default&#8221; global_module=&#8221;697&#8243; locked=&#8221;off&#8221; global_colors_info=&#8221;{}&#8221;][et_pb_column type=&#8221;4_4&#8243; _builder_version=&#8221;4.19.4&#8243; _module_preset=&#8221;default&#8221; global_colors_info=&#8221;{}&#8221;][et_pb_button button_url=&#8221;@ET-DC@eyJkeW5hbWljIjp0cnVlLCJjb250ZW50IjoicG9zdF9saW5rX3VybF9wYWdlIiwic2V0dGluZ3MiOnsicG9zdF9pZCI6IjEyIn19@&#8221; button_text=&#8221;WR\u00d3\u0106 DO LISTY FUNKCJI&#8221; button_alignment=&#8221;center&#8221; _builder_version=&#8221;4.19.4&#8243; _dynamic_attributes=&#8221;button_url&#8221; _module_preset=&#8221;default&#8221; button_text_color=&#8221;#112B50&#8243; button_bg_color=&#8221;#FFFFFF&#8221; button_border_width=&#8221;2px&#8221; button_border_color=&#8221;#112B50&#8243; global_colors_info=&#8221;{}&#8221;][\/et_pb_button][\/et_pb_column][\/et_pb_row][\/et_pb_section][et_pb_section fb_built=&#8221;1&#8243; disabled_on=&#8221;off|off|off&#8221; _builder_version=&#8221;4.20.4&#8243; _module_preset=&#8221;default&#8221; background_color=&#8221;#00A0E3&#8243; background_enable_mask_style=&#8221;on&#8221; background_mask_style=&#8221;corner-pill&#8221; background_mask_color=&#8221;#FFFFFF&#8221; background_mask_transform=&#8221;flip_vertical&#8221; background_mask_size=&#8221;cover&#8221; background_mask_position=&#8221;center_left&#8221; background_mask_horizontal_offset=&#8221;-1%&#8221; height=&#8221;100%&#8221; custom_margin=&#8221;-1px||||false|false&#8221; background_last_edited=&#8221;on|phone&#8221; background_enable_mask_style_phone=&#8221;off&#8221; background_mask_horizontal_offset_tablet=&#8221;0%&#8221; global_module=&#8221;203&#8243; saved_tabs=&#8221;all&#8221; global_colors_info=&#8221;{}&#8221;][et_pb_row _builder_version=&#8221;4.19.4&#8243; _module_preset=&#8221;default&#8221; global_colors_info=&#8221;{}&#8221;][et_pb_column type=&#8221;4_4&#8243; _builder_version=&#8221;4.19.4&#8243; _module_preset=&#8221;default&#8221; global_colors_info=&#8221;{}&#8221;][et_pb_text _builder_version=&#8221;4.19.4&#8243; _module_preset=&#8221;default&#8221; text_font_size=&#8221;21px&#8221; text_line_height=&#8221;1.9em&#8221; header_2_font=&#8221;|700|||||||&#8221; header_2_text_align=&#8221;center&#8221; header_2_font_size=&#8221;40px&#8221; text_orientation=&#8221;center&#8221; global_colors_info=&#8221;{}&#8221;]<h2>Poznaj inne funkcjonalno\u015bci<\/h2>[\/et_pb_text][\/et_pb_column][\/et_pb_row][et_pb_row column_structure=&#8221;1_4,1_4,1_4,1_4&#8243; make_equal=&#8221;on&#8221; _builder_version=&#8221;4.20.4&#8243; _module_preset=&#8221;default&#8221; custom_padding=&#8221;||||false&#8221; locked=&#8221;off&#8221; global_colors_info=&#8221;{}&#8221;][et_pb_column type=&#8221;1_4&#8243; _builder_version=&#8221;4.19.4&#8243; _module_preset=&#8221;default&#8221; global_colors_info=&#8221;{}&#8221;][et_pb_cta title=&#8221;Klasyfikacja dru\u017cynowa&#8221; button_url=&#8221;@ET-DC@eyJkeW5hbWljIjp0cnVlLCJjb250ZW50IjoicG9zdF9saW5rX3VybF9wYWdlIiwic2V0dGluZ3MiOnsicG9zdF9pZCI6IjQzMyJ9fQ==@&#8221; button_text=&#8221;Wi\u0119cej&#8221; _builder_version=&#8221;4.19.4&#8243; _dynamic_attributes=&#8221;button_url,link_option_url&#8221; _module_preset=&#8221;default&#8221; link_option_url=&#8221;@ET-DC@eyJkeW5hbWljIjp0cnVlLCJjb250ZW50IjoicG9zdF9saW5rX3VybF9wYWdlIiwic2V0dGluZ3MiOnsicG9zdF9pZCI6IjQzMyJ9fQ==@&#8221; locked=&#8221;off&#8221; global_colors_info=&#8221;{}&#8221;]<p><span>Zawodnicy chc\u0105c uczestniczy\u0107 ze swoim ulubionym zespo\u0142em mog\u0105 zach\u0119ci\u0107 nowe osoby do uczestnictwa w zawodach.<\/span><\/p>[\/et_pb_cta][\/et_pb_column][et_pb_column type=&#8221;1_4&#8243; _builder_version=&#8221;4.19.4&#8243; _module_preset=&#8221;default&#8221; global_colors_info=&#8221;{}&#8221;][et_pb_cta title=&#8221;P\u0142atno\u015bci Blue Media&#8221; button_url=&#8221;@ET-DC@eyJkeW5hbWljIjp0cnVlLCJjb250ZW50IjoicG9zdF9saW5rX3VybF9wYWdlIiwic2V0dGluZ3MiOnsicG9zdF9pZCI6IjI0OSJ9fQ==@&#8221; button_text=&#8221;Wi\u0119cej&#8221; _builder_version=&#8221;4.20.4&#8243; _dynamic_attributes=&#8221;button_url,link_option_url&#8221; _module_preset=&#8221;default&#8221; link_option_url=&#8221;@ET-DC@eyJkeW5hbWljIjp0cnVlLCJjb250ZW50IjoicG9zdF9saW5rX3VybF9wYWdlIiwic2V0dGluZ3MiOnsicG9zdF9pZCI6IjI0OSJ9fQ==@&#8221; locked=&#8221;off&#8221; global_colors_info=&#8221;{}&#8221;]<p>Po\u0142\u0105cz swoje konto organizatora z Blue Media. Skorzystaj z \u0142atwych oraz bezpiecznych p\u0142atno\u015bci.<\/p>[\/et_pb_cta][\/et_pb_column][et_pb_column type=&#8221;1_4&#8243; _builder_version=&#8221;4.19.4&#8243; _module_preset=&#8221;default&#8221; global_colors_info=&#8221;{}&#8221;][et_pb_cta title=&#8221;Wydruki&#8221; button_url=&#8221;@ET-DC@eyJkeW5hbWljIjp0cnVlLCJjb250ZW50IjoicG9zdF9saW5rX3VybF9wYWdlIiwic2V0dGluZ3MiOnsicG9zdF9pZCI6IjIzMyJ9fQ==@&#8221; button_text=&#8221;Wi\u0119cej&#8221; _builder_version=&#8221;4.19.4&#8243; _dynamic_attributes=&#8221;button_url,link_option_url&#8221; _module_preset=&#8221;default&#8221; link_option_url=&#8221;@ET-DC@eyJkeW5hbWljIjp0cnVlLCJjb250ZW50IjoicG9zdF9saW5rX3VybF9wYWdlIiwic2V0dGluZ3MiOnsicG9zdF9pZCI6IjIzMyJ9fQ==@&#8221; locked=&#8221;off&#8221; global_colors_info=&#8221;{}&#8221;]<p>Chcesz wydrukowa\u0107 <strong>karty uczestnik\u00f3w<\/strong>? Poznaj opcje wydruki. Zobacz jak zmodyfikowa\u0107 kart\u0119 do potrzeb zawod\u00f3w.<\/p>[\/et_pb_cta][\/et_pb_column][et_pb_column type=&#8221;1_4&#8243; _builder_version=&#8221;4.19.4&#8243; _module_preset=&#8221;default&#8221; global_colors_info=&#8221;{}&#8221;][et_pb_cta title=&#8221;Kreator maili&#8221; button_url=&#8221;@ET-DC@eyJkeW5hbWljIjp0cnVlLCJjb250ZW50IjoicG9zdF9saW5rX3VybF9wYWdlIiwic2V0dGluZ3MiOnsicG9zdF9pZCI6IjI4NCJ9fQ==@&#8221; button_text=&#8221;Wi\u0119cej&#8221; _builder_version=&#8221;4.20.4&#8243; _dynamic_attributes=&#8221;button_url,link_option_url&#8221; _module_preset=&#8221;default&#8221; link_option_url=&#8221;@ET-DC@eyJkeW5hbWljIjp0cnVlLCJjb250ZW50IjoicG9zdF9saW5rX3VybF9wYWdlIiwic2V0dGluZ3MiOnsicG9zdF9pZCI6IjI4NCJ9fQ==@&#8221; locked=&#8221;off&#8221; global_colors_info=&#8221;{}&#8221;]<p>Tw\u00f3rz wyj\u0105tkowe kampanie mailingowe. Promuj swoje wydarzenia sportowe oraz sponsor\u00f3w.<\/p>[\/et_pb_cta][\/et_pb_column][\/et_pb_row][\/et_pb_section]\n\n\n","protected":false},"excerpt":{"rendered":"<p>Dodatkowe op\u0142aty W formularzu zapis\u00f3w masz mo\u017cliwo\u015b\u0107 definiowania dodatkowych op\u0142at po zaznaczeniu wybranego pola przez u\u017cytkownika. Mo\u017cesz tak\u017ce w\u0142\u0105czy\u0107 op\u0142aty manipulacyjne.Do czego s\u0142u\u017cy funkcja dodatkowych op\u0142at? Chcesz wesprze\u0107 okre\u015blony cel charytatywny? Lub oferowa\u0107 p\u0142atny gad\u017cet? Mo\u017cesz obs\u0142u\u017cy\u0107 to w formularzu z opcj\u0105 dodatkowych op\u0142at. Wystarczy, \u017ce okre\u015blisz warunek, po kt\u00f3rym zawodnik ma ui\u015bci\u0107 dodatkow\u0105 op\u0142at\u0119.Dodatkowo [&hellip;]<\/p>\n","protected":false},"author":1,"featured_media":0,"parent":0,"menu_order":0,"comment_status":"closed","ping_status":"closed","template":"","meta":{"_et_pb_use_builder":"on","_et_pb_old_content":"","_et_gb_content_width":"","inline_featured_image":false,"footnotes":""},"class_list":["post-450","page","type-page","status-publish","hentry"],"yoast_head":"<!-- This site is optimized with the Yoast SEO plugin v27.3 - https:\/\/yoast.com\/product\/yoast-seo-wordpress\/ -->\n<title>Dodatkowe op\u0142aty - Funkcje - B4SPORTONLINE<\/title>\n<meta name=\"description\" content=\"W formularzu masz mo\u017cliwo\u015b\u0107 definiowania dodatkowych op\u0142at po zaznaczeniu wybranego pola. Mo\u017cesz tak\u017ce w\u0142\u0105czy\u0107 op\u0142aty manipulacyjne.\" \/>\n<meta name=\"robots\" content=\"index, follow, max-snippet:-1, max-image-preview:large, max-video-preview:-1\" \/>\n<link rel=\"canonical\" href=\"https:\/\/b4sportonline.pl\/funkcje\/dodatkowe-oplaty\/\" \/>\n<meta property=\"og:locale\" content=\"pl_PL\" \/>\n<meta property=\"og:type\" content=\"article\" \/>\n<meta property=\"og:title\" content=\"Dodatkowe op\u0142aty - Funkcje - B4SPORTONLINE\" \/>\n<meta property=\"og:description\" content=\"W formularzu masz mo\u017cliwo\u015b\u0107 definiowania dodatkowych op\u0142at po zaznaczeniu wybranego pola. Mo\u017cesz tak\u017ce w\u0142\u0105czy\u0107 op\u0142aty manipulacyjne.\" \/>\n<meta property=\"og:url\" content=\"https:\/\/b4sportonline.pl\/funkcje\/dodatkowe-oplaty\/\" \/>\n<meta property=\"og:site_name\" content=\"Funkcje - B4SPORTONLINE\" \/>\n<meta property=\"article:modified_time\" content=\"2023-05-24T13:13:45+00:00\" \/>\n<meta name=\"twitter:card\" content=\"summary_large_image\" \/>\n<meta name=\"twitter:label1\" content=\"Szacowany czas czytania\" \/>\n\t<meta name=\"twitter:data1\" content=\"4 minuty\" \/>\n<script type=\"application\/ld+json\" class=\"yoast-schema-graph\">{\"@context\":\"https:\\\/\\\/schema.org\",\"@graph\":[{\"@type\":\"WebPage\",\"@id\":\"https:\\\/\\\/b4sportonline.pl\\\/funkcje\\\/dodatkowe-oplaty\\\/\",\"url\":\"https:\\\/\\\/b4sportonline.pl\\\/funkcje\\\/dodatkowe-oplaty\\\/\",\"name\":\"Dodatkowe op\u0142aty - Funkcje - B4SPORTONLINE\",\"isPartOf\":{\"@id\":\"https:\\\/\\\/b4sportonline.pl\\\/funkcje\\\/#website\"},\"datePublished\":\"2023-03-01T10:04:27+00:00\",\"dateModified\":\"2023-05-24T13:13:45+00:00\",\"description\":\"W formularzu masz mo\u017cliwo\u015b\u0107 definiowania dodatkowych op\u0142at po zaznaczeniu wybranego pola. Mo\u017cesz tak\u017ce w\u0142\u0105czy\u0107 op\u0142aty manipulacyjne.\",\"breadcrumb\":{\"@id\":\"https:\\\/\\\/b4sportonline.pl\\\/funkcje\\\/dodatkowe-oplaty\\\/#breadcrumb\"},\"inLanguage\":\"pl-PL\",\"potentialAction\":[{\"@type\":\"ReadAction\",\"target\":[\"https:\\\/\\\/b4sportonline.pl\\\/funkcje\\\/dodatkowe-oplaty\\\/\"]}]},{\"@type\":\"BreadcrumbList\",\"@id\":\"https:\\\/\\\/b4sportonline.pl\\\/funkcje\\\/dodatkowe-oplaty\\\/#breadcrumb\",\"itemListElement\":[{\"@type\":\"ListItem\",\"position\":1,\"name\":\"Funkcje\",\"item\":\"https:\\\/\\\/b4sportonline.pl\\\/funkcje\\\/\"},{\"@type\":\"ListItem\",\"position\":2,\"name\":\"Dodatkowe op\u0142aty\"}]},{\"@type\":\"WebSite\",\"@id\":\"https:\\\/\\\/b4sportonline.pl\\\/funkcje\\\/#website\",\"url\":\"https:\\\/\\\/b4sportonline.pl\\\/funkcje\\\/\",\"name\":\"Funkcje - B4SPORTONLINE\",\"description\":\"Funkcjonalno\u015bci platformy do zapis\u00f3w B4SPORTONLINE\",\"potentialAction\":[{\"@type\":\"SearchAction\",\"target\":{\"@type\":\"EntryPoint\",\"urlTemplate\":\"https:\\\/\\\/b4sportonline.pl\\\/funkcje\\\/?s={search_term_string}\"},\"query-input\":{\"@type\":\"PropertyValueSpecification\",\"valueRequired\":true,\"valueName\":\"search_term_string\"}}],\"inLanguage\":\"pl-PL\"}]}<\/script>\n<!-- \/ Yoast SEO plugin. -->","yoast_head_json":{"title":"Dodatkowe op\u0142aty - Funkcje - B4SPORTONLINE","description":"W formularzu masz mo\u017cliwo\u015b\u0107 definiowania dodatkowych op\u0142at po zaznaczeniu wybranego pola. Mo\u017cesz tak\u017ce w\u0142\u0105czy\u0107 op\u0142aty manipulacyjne.","robots":{"index":"index","follow":"follow","max-snippet":"max-snippet:-1","max-image-preview":"max-image-preview:large","max-video-preview":"max-video-preview:-1"},"canonical":"https:\/\/b4sportonline.pl\/funkcje\/dodatkowe-oplaty\/","og_locale":"pl_PL","og_type":"article","og_title":"Dodatkowe op\u0142aty - Funkcje - B4SPORTONLINE","og_description":"W formularzu masz mo\u017cliwo\u015b\u0107 definiowania dodatkowych op\u0142at po zaznaczeniu wybranego pola. Mo\u017cesz tak\u017ce w\u0142\u0105czy\u0107 op\u0142aty manipulacyjne.","og_url":"https:\/\/b4sportonline.pl\/funkcje\/dodatkowe-oplaty\/","og_site_name":"Funkcje - B4SPORTONLINE","article_modified_time":"2023-05-24T13:13:45+00:00","twitter_card":"summary_large_image","twitter_misc":{"Szacowany czas czytania":"4 minuty"},"schema":{"@context":"https:\/\/schema.org","@graph":[{"@type":"WebPage","@id":"https:\/\/b4sportonline.pl\/funkcje\/dodatkowe-oplaty\/","url":"https:\/\/b4sportonline.pl\/funkcje\/dodatkowe-oplaty\/","name":"Dodatkowe op\u0142aty - Funkcje - B4SPORTONLINE","isPartOf":{"@id":"https:\/\/b4sportonline.pl\/funkcje\/#website"},"datePublished":"2023-03-01T10:04:27+00:00","dateModified":"2023-05-24T13:13:45+00:00","description":"W formularzu masz mo\u017cliwo\u015b\u0107 definiowania dodatkowych op\u0142at po zaznaczeniu wybranego pola. Mo\u017cesz tak\u017ce w\u0142\u0105czy\u0107 op\u0142aty manipulacyjne.","breadcrumb":{"@id":"https:\/\/b4sportonline.pl\/funkcje\/dodatkowe-oplaty\/#breadcrumb"},"inLanguage":"pl-PL","potentialAction":[{"@type":"ReadAction","target":["https:\/\/b4sportonline.pl\/funkcje\/dodatkowe-oplaty\/"]}]},{"@type":"BreadcrumbList","@id":"https:\/\/b4sportonline.pl\/funkcje\/dodatkowe-oplaty\/#breadcrumb","itemListElement":[{"@type":"ListItem","position":1,"name":"Funkcje","item":"https:\/\/b4sportonline.pl\/funkcje\/"},{"@type":"ListItem","position":2,"name":"Dodatkowe op\u0142aty"}]},{"@type":"WebSite","@id":"https:\/\/b4sportonline.pl\/funkcje\/#website","url":"https:\/\/b4sportonline.pl\/funkcje\/","name":"Funkcje - B4SPORTONLINE","description":"Funkcjonalno\u015bci platformy do zapis\u00f3w B4SPORTONLINE","potentialAction":[{"@type":"SearchAction","target":{"@type":"EntryPoint","urlTemplate":"https:\/\/b4sportonline.pl\/funkcje\/?s={search_term_string}"},"query-input":{"@type":"PropertyValueSpecification","valueRequired":true,"valueName":"search_term_string"}}],"inLanguage":"pl-PL"}]}},"_links":{"self":[{"href":"https:\/\/b4sportonline.pl\/funkcje\/wp-json\/wp\/v2\/pages\/450","targetHints":{"allow":["GET"]}}],"collection":[{"href":"https:\/\/b4sportonline.pl\/funkcje\/wp-json\/wp\/v2\/pages"}],"about":[{"href":"https:\/\/b4sportonline.pl\/funkcje\/wp-json\/wp\/v2\/types\/page"}],"author":[{"embeddable":true,"href":"https:\/\/b4sportonline.pl\/funkcje\/wp-json\/wp\/v2\/users\/1"}],"replies":[{"embeddable":true,"href":"https:\/\/b4sportonline.pl\/funkcje\/wp-json\/wp\/v2\/comments?post=450"}],"version-history":[{"count":11,"href":"https:\/\/b4sportonline.pl\/funkcje\/wp-json\/wp\/v2\/pages\/450\/revisions"}],"predecessor-version":[{"id":1016,"href":"https:\/\/b4sportonline.pl\/funkcje\/wp-json\/wp\/v2\/pages\/450\/revisions\/1016"}],"wp:attachment":[{"href":"https:\/\/b4sportonline.pl\/funkcje\/wp-json\/wp\/v2\/media?parent=450"}],"curies":[{"name":"wp","href":"https:\/\/api.w.org\/{rel}","templated":true}]}}