{"id":1150,"date":"2024-06-20T09:14:13","date_gmt":"2024-06-20T07:14:13","guid":{"rendered":"https:\/\/b4sportonline.pl\/funkcje\/?page_id=1150"},"modified":"2024-06-20T09:14:13","modified_gmt":"2024-06-20T07:14:13","slug":"moje-wydarzenia","status":"publish","type":"page","link":"https:\/\/b4sportonline.pl\/funkcje\/moje-wydarzenia\/","title":{"rendered":"Moje wydarzenia"},"content":{"rendered":"<p>[et_pb_section fb_built=&#8221;1&#8243; _builder_version=&#8221;4.19.4&#8243; _module_preset=&#8221;default&#8221; background_color=&#8221;#112B50&#8243; background_enable_image=&#8221;off&#8221; background_blend=&#8221;soft-light&#8221; min_height=&#8221;680.8px&#8221; max_height=&#8221;771px&#8221; max_height_tablet=&#8221;100%&#8221; max_height_phone=&#8221;100%&#8221; max_height_last_edited=&#8221;on|tablet&#8221; global_colors_info=&#8221;{}&#8221; custom_css_main_element_last_edited=&#8221;on|desktop&#8221; custom_css_main_element_tablet=&#8221;.left { ||  width: 50%;||  float: left;||  background-color: rgba(1, 160, 226, 0.5);||}&#8221; custom_css_main_element_phone=&#8221;.left { ||  width: 50%;||  float: left;||  background-color: rgba(1, 160, 226, 0.5);||}&#8221;][et_pb_row make_equal=&#8221;on&#8221; custom_padding_last_edited=&#8221;on|phone&#8221; _builder_version=&#8221;4.19.4&#8243; _module_preset=&#8221;default&#8221; module_alignment=&#8221;center&#8221; custom_margin=&#8221;||||false|true&#8221; custom_padding=&#8221;90px|2%|90px|2%|true|true&#8221; custom_padding_tablet=&#8221;50px||50px||true|true&#8221; custom_padding_phone=&#8221;24px||24px||true|true&#8221; custom_css_main_element=&#8221;align-self: center;&#8221; global_colors_info=&#8221;{}&#8221;][et_pb_column type=&#8221;4_4&#8243; _builder_version=&#8221;4.19.4&#8243; _module_preset=&#8221;default&#8221; custom_css_main_element=&#8221;align-self: center;&#8221; global_colors_info=&#8221;{}&#8221;][et_pb_text _builder_version=&#8221;4.20.4&#8243; _module_preset=&#8221;4ad33bc0-0609-40e0-ab5c-bae87668f265&#8243; global_colors_info=&#8221;{}&#8221;]<\/p>\n<h1>Moje wydarzenia<\/h1>\n<p>Mo\u017cesz zarz\u0105dza\u0107 swoim uczestnictwem w wydarzeniach sportowych, oto gdzie znajdziesz te mo\u017cliwo\u015bci w B4SPORTONLINE.<\/p>\n<p>[\/et_pb_text][\/et_pb_column][\/et_pb_row][\/et_pb_section][et_pb_section fb_built=&#8221;1&#8243; module_id=&#8221;po-co&#8221; _builder_version=&#8221;4.19.4&#8243; _module_preset=&#8221;default&#8221; background_color=&#8221;#F2F2F2&#8243; custom_padding=&#8221;90px|||||&#8221; global_colors_info=&#8221;{}&#8221;][et_pb_row _builder_version=&#8221;4.19.4&#8243; _module_preset=&#8221;default&#8221; global_colors_info=&#8221;{}&#8221;][et_pb_column type=&#8221;4_4&#8243; _builder_version=&#8221;4.19.4&#8243; _module_preset=&#8221;default&#8221; global_colors_info=&#8221;{}&#8221;][et_pb_text _builder_version=&#8221;4.19.4&#8243; _module_preset=&#8221;63a5e5b3-140f-4b94-855d-1c3416e18c2f&#8221; global_colors_info=&#8221;{}&#8221;]<\/p>\n<h2>Co oznacza usuni\u0119cie konta z b4sportonline.pl?<\/h2>\n<p>Usuni\u0119cie konta zawodnika z platformy b4sportonline.pl jest jednoznaczne z usuni\u0119ciem wszystkich danych osobowych przypisanych do tego konta. W przypadku usuni\u0119cia konta nie ma mo\u017cliwo\u015bci odzyskania \u017cadnych danych.\u00a0<\/p>\n<p>[\/et_pb_text][\/et_pb_column][\/et_pb_row][\/et_pb_section][et_pb_section fb_built=&#8221;1&#8243; module_id=&#8221;jak&#8221; _builder_version=&#8221;4.19.4&#8243; _module_preset=&#8221;default&#8221; global_colors_info=&#8221;{}&#8221;][et_pb_row _builder_version=&#8221;4.19.4&#8243; _module_preset=&#8221;default&#8221; global_colors_info=&#8221;{}&#8221;][et_pb_column type=&#8221;4_4&#8243; _builder_version=&#8221;4.19.4&#8243; _module_preset=&#8221;default&#8221; global_colors_info=&#8221;{}&#8221;][et_pb_text _builder_version=&#8221;4.19.4&#8243; _module_preset=&#8221;default&#8221; text_font_size=&#8221;21px&#8221; text_line_height=&#8221;1.9em&#8221; header_2_font=&#8221;|700|||||||&#8221; header_2_text_align=&#8221;center&#8221; header_2_font_size=&#8221;40px&#8221; text_orientation=&#8221;center&#8221; global_colors_info=&#8221;{}&#8221;]<\/p>\n<h2>Gdzie znajd\u0119 Moje Wydarzenia?<\/h2>\n<p>[\/et_pb_text][\/et_pb_column][\/et_pb_row][et_pb_row _builder_version=&#8221;4.20.4&#8243; _module_preset=&#8221;default&#8221; width=&#8221;80%&#8221; module_alignment=&#8221;center&#8221; custom_margin=&#8221;|auto||56px||&#8221; locked=&#8221;off&#8221; global_colors_info=&#8221;{}&#8221;][et_pb_column type=&#8221;4_4&#8243; _builder_version=&#8221;4.20.4&#8243; _module_preset=&#8221;default&#8221; global_colors_info=&#8221;{}&#8221;][et_pb_text _builder_version=&#8221;4.20.4&#8243; _module_preset=&#8221;default&#8221; global_colors_info=&#8221;{}&#8221;]<\/p>\n<p><span data-contrast=\"none\" xml:lang=\"PL-PL\" lang=\"PL-PL\" class=\"TextRun SCXW125056857 BCX0\"><span class=\"NormalTextRun SCXW125056857 BCX0\">1. Zaloguj si\u0119 na konto u\u017cytkownika za po\u015brednictwem strony b4sportonline.pl <\/span><\/span><span class=\"EOP SCXW125056857 BCX0\" data-ccp-props=\"{&quot;201341983&quot;:0,&quot;335559739&quot;:0,&quot;335559740&quot;:259}\">\u00a0<\/span><\/p>\n<p>[\/et_pb_text][et_pb_gallery gallery_ids=&#8221;642&#8243; fullwidth=&#8221;on&#8221; _builder_version=&#8221;4.20.4&#8243; _module_preset=&#8221;default&#8221; width=&#8221;50%&#8221; module_alignment=&#8221;center&#8221; hover_enabled=&#8221;0&#8243; global_colors_info=&#8221;{}&#8221; sticky_enabled=&#8221;0&#8243;][\/et_pb_gallery][et_pb_text _builder_version=&#8221;4.25.0&#8243; _module_preset=&#8221;default&#8221; hover_enabled=&#8221;0&#8243; global_colors_info=&#8221;{}&#8221; sticky_enabled=&#8221;0&#8243;]<\/p>\n<p><span data-contrast=\"none\" xml:lang=\"PL-PL\" lang=\"PL-PL\" class=\"TextRun SCXW105036808 BCX0\"><span class=\"NormalTextRun SCXW105036808 BCX0\">2. Pojawi\u0105 si\u0119 nowe opcje:<br \/><\/span><\/span><\/p>\n<ul>\n<li><span data-contrast=\"none\" xml:lang=\"PL-PL\" lang=\"PL-PL\" class=\"TextRun SCXW105036808 BCX0\"><span class=\"NormalTextRun SCXW105036808 BCX0\"><strong>Moje Wydarzenia<\/strong> (tej opcji szukali\u015bmy i w ni\u0105 klikamy)<br \/><\/span><\/span><\/li>\n<li><span data-contrast=\"none\" xml:lang=\"PL-PL\" lang=\"PL-PL\" class=\"TextRun SCXW105036808 BCX0\"><span class=\"NormalTextRun SCXW105036808 BCX0\">M\u00f3j Profil<\/span><\/span><\/li>\n<li>Wyloguj<\/li>\n<\/ul>\n<p>[\/et_pb_text][et_pb_gallery gallery_ids=&#8221;1152&#8243; fullwidth=&#8221;on&#8221; _builder_version=&#8221;4.25.0&#8243; _module_preset=&#8221;default&#8221; width=&#8221;50%&#8221; module_alignment=&#8221;center&#8221; hover_enabled=&#8221;0&#8243; global_colors_info=&#8221;{}&#8221; sticky_enabled=&#8221;0&#8243;][\/et_pb_gallery][et_pb_text _builder_version=&#8221;4.25.0&#8243; _module_preset=&#8221;default&#8221; hover_enabled=&#8221;0&#8243; global_colors_info=&#8221;{}&#8221; sticky_enabled=&#8221;0&#8243;]<\/p>\n<p>3. Przekierowani zostaniemy do sekcji z aktualnymi zawodami, zako\u0144czonymi, usuni\u0119tymi zg\u0142oszeniami czy list\u0105 rezerwow\u0105. Wszystkie nasze eventy w jednym miejscu.<\/p>\n<p>Chcesz zrezygnowa\u0107, zmieni\u0107 dane w aktualnym wydarzeniu? Wybierasz &#8222;dodatkowe opcje&#8221; i wy\u015bwietla si\u0119 lista dost\u0119pnych mo\u017cliwo\u015bci zmian.\u00a0<\/p>\n<p>[\/et_pb_text][et_pb_gallery gallery_ids=&#8221;1153&#8243; fullwidth=&#8221;on&#8221; _builder_version=&#8221;4.25.0&#8243; _module_preset=&#8221;default&#8221; width=&#8221;50%&#8221; module_alignment=&#8221;center&#8221; hover_enabled=&#8221;0&#8243; global_colors_info=&#8221;{}&#8221; sticky_enabled=&#8221;0&#8243;][\/et_pb_gallery][\/et_pb_column][\/et_pb_row][et_pb_row _builder_version=&#8221;4.19.4&#8243; _module_preset=&#8221;default&#8221; global_colors_info=&#8221;{}&#8221;][et_pb_column type=&#8221;4_4&#8243; _builder_version=&#8221;4.19.4&#8243; _module_preset=&#8221;default&#8221; global_colors_info=&#8221;{}&#8221;][et_pb_button button_url=&#8221;@ET-DC@eyJkeW5hbWljIjp0cnVlLCJjb250ZW50IjoicG9zdF9saW5rX3VybF9wYWdlIiwic2V0dGluZ3MiOnsicG9zdF9pZCI6IjEyIn19@&#8221; button_text=&#8221;WR\u00d3\u0106 DO LISTY FUNKCJI&#8221; button_alignment=&#8221;center&#8221; _builder_version=&#8221;4.19.4&#8243; _dynamic_attributes=&#8221;button_url&#8221; _module_preset=&#8221;default&#8221; button_text_color=&#8221;#112B50&#8243; button_bg_color=&#8221;#FFFFFF&#8221; button_border_width=&#8221;2px&#8221; button_border_color=&#8221;#112B50&#8243; global_colors_info=&#8221;{}&#8221;][\/et_pb_button][\/et_pb_column][\/et_pb_row][\/et_pb_section][et_pb_section fb_built=&#8221;1&#8243; disabled_on=&#8221;off|off|off&#8221; _builder_version=&#8221;4.20.4&#8243; _module_preset=&#8221;default&#8221; background_color=&#8221;#00A0E3&#8243; background_enable_mask_style=&#8221;on&#8221; background_mask_style=&#8221;corner-pill&#8221; background_mask_color=&#8221;#FFFFFF&#8221; background_mask_transform=&#8221;flip_vertical&#8221; background_mask_size=&#8221;cover&#8221; background_mask_position=&#8221;center_left&#8221; background_mask_horizontal_offset=&#8221;-1%&#8221; height=&#8221;100%&#8221; custom_margin=&#8221;-1px||||false|false&#8221; background_last_edited=&#8221;on|phone&#8221; background_enable_mask_style_phone=&#8221;off&#8221; background_mask_horizontal_offset_tablet=&#8221;0%&#8221; disabled=&#8221;on&#8221; global_module=&#8221;203&#8243; saved_tabs=&#8221;all&#8221; global_colors_info=&#8221;{}&#8221;][et_pb_row _builder_version=&#8221;4.19.4&#8243; _module_preset=&#8221;default&#8221; global_colors_info=&#8221;{}&#8221;][et_pb_column type=&#8221;4_4&#8243; _builder_version=&#8221;4.19.4&#8243; _module_preset=&#8221;default&#8221; global_colors_info=&#8221;{}&#8221;][et_pb_text _builder_version=&#8221;4.19.4&#8243; _module_preset=&#8221;default&#8221; text_font_size=&#8221;21px&#8221; text_line_height=&#8221;1.9em&#8221; header_2_font=&#8221;|700|||||||&#8221; header_2_text_align=&#8221;center&#8221; header_2_font_size=&#8221;40px&#8221; text_orientation=&#8221;center&#8221; global_colors_info=&#8221;{}&#8221;]<\/p>\n<h2>Poznaj inne funkcjonalno\u015bci<\/h2>\n<p>[\/et_pb_text][\/et_pb_column][\/et_pb_row][et_pb_row column_structure=&#8221;1_4,1_4,1_4,1_4&#8243; make_equal=&#8221;on&#8221; _builder_version=&#8221;4.20.4&#8243; _module_preset=&#8221;default&#8221; custom_padding=&#8221;||||false&#8221; locked=&#8221;off&#8221; global_colors_info=&#8221;{}&#8221;][et_pb_column type=&#8221;1_4&#8243; _builder_version=&#8221;4.19.4&#8243; _module_preset=&#8221;default&#8221; global_colors_info=&#8221;{}&#8221;][et_pb_cta title=&#8221;Klasyfikacja dru\u017cynowa&#8221; button_url=&#8221;@ET-DC@eyJkeW5hbWljIjp0cnVlLCJjb250ZW50IjoicG9zdF9saW5rX3VybF9wYWdlIiwic2V0dGluZ3MiOnsicG9zdF9pZCI6IjQzMyJ9fQ==@&#8221; button_text=&#8221;Wi\u0119cej&#8221; _builder_version=&#8221;4.19.4&#8243; _dynamic_attributes=&#8221;button_url,link_option_url&#8221; _module_preset=&#8221;default&#8221; link_option_url=&#8221;@ET-DC@eyJkeW5hbWljIjp0cnVlLCJjb250ZW50IjoicG9zdF9saW5rX3VybF9wYWdlIiwic2V0dGluZ3MiOnsicG9zdF9pZCI6IjQzMyJ9fQ==@&#8221; locked=&#8221;off&#8221; global_colors_info=&#8221;{}&#8221;]<\/p>\n<p><span>Zawodnicy chc\u0105c uczestniczy\u0107 ze swoim ulubionym zespo\u0142em mog\u0105 zach\u0119ci\u0107 nowe osoby do uczestnictwa w zawodach.<\/span><\/p>\n<p>[\/et_pb_cta][\/et_pb_column][et_pb_column type=&#8221;1_4&#8243; _builder_version=&#8221;4.19.4&#8243; _module_preset=&#8221;default&#8221; global_colors_info=&#8221;{}&#8221;][et_pb_cta title=&#8221;P\u0142atno\u015bci Autopay&#8221; button_url=&#8221;@ET-DC@eyJkeW5hbWljIjp0cnVlLCJjb250ZW50IjoicG9zdF9saW5rX3VybF9wYWdlIiwic2V0dGluZ3MiOnsicG9zdF9pZCI6IjI0OSJ9fQ==@&#8221; button_text=&#8221;Wi\u0119cej&#8221; _builder_version=&#8221;4.20.4&#8243; _dynamic_attributes=&#8221;button_url,link_option_url&#8221; _module_preset=&#8221;default&#8221; link_option_url=&#8221;@ET-DC@eyJkeW5hbWljIjp0cnVlLCJjb250ZW50IjoicG9zdF9saW5rX3VybF9wYWdlIiwic2V0dGluZ3MiOnsicG9zdF9pZCI6IjI0OSJ9fQ==@&#8221; locked=&#8221;off&#8221; global_colors_info=&#8221;{}&#8221;]<\/p>\n<p>Po\u0142\u0105cz swoje konto organizatora z Autopay. Skorzystaj z \u0142atwych oraz bezpiecznych p\u0142atno\u015bci.<\/p>\n<p>[\/et_pb_cta][\/et_pb_column][et_pb_column type=&#8221;1_4&#8243; _builder_version=&#8221;4.19.4&#8243; _module_preset=&#8221;default&#8221; global_colors_info=&#8221;{}&#8221;][et_pb_cta title=&#8221;Wydruki&#8221; button_url=&#8221;@ET-DC@eyJkeW5hbWljIjp0cnVlLCJjb250ZW50IjoicG9zdF9saW5rX3VybF9wYWdlIiwic2V0dGluZ3MiOnsicG9zdF9pZCI6IjIzMyJ9fQ==@&#8221; button_text=&#8221;Wi\u0119cej&#8221; _builder_version=&#8221;4.19.4&#8243; _dynamic_attributes=&#8221;button_url,link_option_url&#8221; _module_preset=&#8221;default&#8221; link_option_url=&#8221;@ET-DC@eyJkeW5hbWljIjp0cnVlLCJjb250ZW50IjoicG9zdF9saW5rX3VybF9wYWdlIiwic2V0dGluZ3MiOnsicG9zdF9pZCI6IjIzMyJ9fQ==@&#8221; locked=&#8221;off&#8221; global_colors_info=&#8221;{}&#8221;]<\/p>\n<p>Chcesz wydrukowa\u0107 <strong>karty uczestnik\u00f3w<\/strong>? Poznaj opcje wydruki. Zobacz jak zmodyfikowa\u0107 kart\u0119 do potrzeb zawod\u00f3w.<\/p>\n<p>[\/et_pb_cta][\/et_pb_column][et_pb_column type=&#8221;1_4&#8243; _builder_version=&#8221;4.19.4&#8243; _module_preset=&#8221;default&#8221; global_colors_info=&#8221;{}&#8221;][et_pb_cta title=&#8221;Kreator maili&#8221; button_url=&#8221;@ET-DC@eyJkeW5hbWljIjp0cnVlLCJjb250ZW50IjoicG9zdF9saW5rX3VybF9wYWdlIiwic2V0dGluZ3MiOnsicG9zdF9pZCI6IjI4NCJ9fQ==@&#8221; button_text=&#8221;Wi\u0119cej&#8221; _builder_version=&#8221;4.20.4&#8243; _dynamic_attributes=&#8221;button_url,link_option_url&#8221; _module_preset=&#8221;default&#8221; link_option_url=&#8221;@ET-DC@eyJkeW5hbWljIjp0cnVlLCJjb250ZW50IjoicG9zdF9saW5rX3VybF9wYWdlIiwic2V0dGluZ3MiOnsicG9zdF9pZCI6IjI4NCJ9fQ==@&#8221; locked=&#8221;off&#8221; global_colors_info=&#8221;{}&#8221;]<\/p>\n<p>Tw\u00f3rz wyj\u0105tkowe kampanie mailingowe. Promuj swoje wydarzenia sportowe oraz sponsor\u00f3w.<\/p>\n<p>[\/et_pb_cta][\/et_pb_column][\/et_pb_row][\/et_pb_section]<\/p>\n","protected":false},"excerpt":{"rendered":"<p>Moje wydarzenia Mo\u017cesz zarz\u0105dza\u0107 swoim uczestnictwem w wydarzeniach sportowych, oto gdzie znajdziesz te mo\u017cliwo\u015bci w B4SPORTONLINE.Co oznacza usuni\u0119cie konta z b4sportonline.pl? Usuni\u0119cie konta zawodnika z platformy b4sportonline.pl jest jednoznaczne z usuni\u0119ciem wszystkich danych osobowych przypisanych do tego konta. W przypadku usuni\u0119cia konta nie ma mo\u017cliwo\u015bci odzyskania \u017cadnych danych.\u00a0Gdzie znajd\u0119 Moje Wydarzenia?1. Zaloguj si\u0119 na konto [&hellip;]<\/p>\n","protected":false},"author":2,"featured_media":0,"parent":0,"menu_order":0,"comment_status":"closed","ping_status":"closed","template":"","meta":{"_et_pb_use_builder":"on","_et_pb_old_content":"","_et_gb_content_width":"","inline_featured_image":false,"footnotes":""},"class_list":["post-1150","page","type-page","status-publish","hentry"],"yoast_head":"<!-- This site is optimized with the Yoast SEO plugin v27.3 - https:\/\/yoast.com\/product\/yoast-seo-wordpress\/ -->\n<title>Moje wydarzenia - Funkcje - B4SPORTONLINE<\/title>\n<meta name=\"description\" content=\"Sprawd\u017a jak mo\u017cesz zarz\u0105dza\u0107 swoimi wydarzeniami w B4SPORTONLINE w kt\u00f3rych bierzesz udzia\u0142.\" \/>\n<meta name=\"robots\" content=\"index, follow, max-snippet:-1, max-image-preview:large, max-video-preview:-1\" \/>\n<link rel=\"canonical\" href=\"https:\/\/b4sportonline.pl\/funkcje\/moje-wydarzenia\/\" \/>\n<meta property=\"og:locale\" content=\"pl_PL\" \/>\n<meta property=\"og:type\" content=\"article\" \/>\n<meta property=\"og:title\" content=\"Moje wydarzenia - Funkcje - B4SPORTONLINE\" \/>\n<meta property=\"og:description\" content=\"Sprawd\u017a jak mo\u017cesz zarz\u0105dza\u0107 swoimi wydarzeniami w B4SPORTONLINE w kt\u00f3rych bierzesz udzia\u0142.\" \/>\n<meta property=\"og:url\" content=\"https:\/\/b4sportonline.pl\/funkcje\/moje-wydarzenia\/\" \/>\n<meta property=\"og:site_name\" content=\"Funkcje - B4SPORTONLINE\" \/>\n<meta name=\"twitter:card\" content=\"summary_large_image\" \/>\n<meta name=\"twitter:label1\" content=\"Szacowany czas czytania\" \/>\n\t<meta name=\"twitter:data1\" content=\"2 minuty\" \/>\n<script type=\"application\/ld+json\" class=\"yoast-schema-graph\">{\"@context\":\"https:\\\/\\\/schema.org\",\"@graph\":[{\"@type\":\"WebPage\",\"@id\":\"https:\\\/\\\/b4sportonline.pl\\\/funkcje\\\/moje-wydarzenia\\\/\",\"url\":\"https:\\\/\\\/b4sportonline.pl\\\/funkcje\\\/moje-wydarzenia\\\/\",\"name\":\"Moje wydarzenia - Funkcje - B4SPORTONLINE\",\"isPartOf\":{\"@id\":\"https:\\\/\\\/b4sportonline.pl\\\/funkcje\\\/#website\"},\"datePublished\":\"2024-06-20T07:14:13+00:00\",\"description\":\"Sprawd\u017a jak mo\u017cesz zarz\u0105dza\u0107 swoimi wydarzeniami w B4SPORTONLINE w kt\u00f3rych bierzesz udzia\u0142.\",\"breadcrumb\":{\"@id\":\"https:\\\/\\\/b4sportonline.pl\\\/funkcje\\\/moje-wydarzenia\\\/#breadcrumb\"},\"inLanguage\":\"pl-PL\",\"potentialAction\":[{\"@type\":\"ReadAction\",\"target\":[\"https:\\\/\\\/b4sportonline.pl\\\/funkcje\\\/moje-wydarzenia\\\/\"]}]},{\"@type\":\"BreadcrumbList\",\"@id\":\"https:\\\/\\\/b4sportonline.pl\\\/funkcje\\\/moje-wydarzenia\\\/#breadcrumb\",\"itemListElement\":[{\"@type\":\"ListItem\",\"position\":1,\"name\":\"Funkcje\",\"item\":\"https:\\\/\\\/b4sportonline.pl\\\/funkcje\\\/\"},{\"@type\":\"ListItem\",\"position\":2,\"name\":\"Moje wydarzenia\"}]},{\"@type\":\"WebSite\",\"@id\":\"https:\\\/\\\/b4sportonline.pl\\\/funkcje\\\/#website\",\"url\":\"https:\\\/\\\/b4sportonline.pl\\\/funkcje\\\/\",\"name\":\"Funkcje - B4SPORTONLINE\",\"description\":\"Funkcjonalno\u015bci platformy do zapis\u00f3w B4SPORTONLINE\",\"potentialAction\":[{\"@type\":\"SearchAction\",\"target\":{\"@type\":\"EntryPoint\",\"urlTemplate\":\"https:\\\/\\\/b4sportonline.pl\\\/funkcje\\\/?s={search_term_string}\"},\"query-input\":{\"@type\":\"PropertyValueSpecification\",\"valueRequired\":true,\"valueName\":\"search_term_string\"}}],\"inLanguage\":\"pl-PL\"}]}<\/script>\n<!-- \/ Yoast SEO plugin. -->","yoast_head_json":{"title":"Moje wydarzenia - Funkcje - B4SPORTONLINE","description":"Sprawd\u017a jak mo\u017cesz zarz\u0105dza\u0107 swoimi wydarzeniami w B4SPORTONLINE w kt\u00f3rych bierzesz udzia\u0142.","robots":{"index":"index","follow":"follow","max-snippet":"max-snippet:-1","max-image-preview":"max-image-preview:large","max-video-preview":"max-video-preview:-1"},"canonical":"https:\/\/b4sportonline.pl\/funkcje\/moje-wydarzenia\/","og_locale":"pl_PL","og_type":"article","og_title":"Moje wydarzenia - Funkcje - B4SPORTONLINE","og_description":"Sprawd\u017a jak mo\u017cesz zarz\u0105dza\u0107 swoimi wydarzeniami w B4SPORTONLINE w kt\u00f3rych bierzesz udzia\u0142.","og_url":"https:\/\/b4sportonline.pl\/funkcje\/moje-wydarzenia\/","og_site_name":"Funkcje - B4SPORTONLINE","twitter_card":"summary_large_image","twitter_misc":{"Szacowany czas czytania":"2 minuty"},"schema":{"@context":"https:\/\/schema.org","@graph":[{"@type":"WebPage","@id":"https:\/\/b4sportonline.pl\/funkcje\/moje-wydarzenia\/","url":"https:\/\/b4sportonline.pl\/funkcje\/moje-wydarzenia\/","name":"Moje wydarzenia - Funkcje - B4SPORTONLINE","isPartOf":{"@id":"https:\/\/b4sportonline.pl\/funkcje\/#website"},"datePublished":"2024-06-20T07:14:13+00:00","description":"Sprawd\u017a jak mo\u017cesz zarz\u0105dza\u0107 swoimi wydarzeniami w B4SPORTONLINE w kt\u00f3rych bierzesz udzia\u0142.","breadcrumb":{"@id":"https:\/\/b4sportonline.pl\/funkcje\/moje-wydarzenia\/#breadcrumb"},"inLanguage":"pl-PL","potentialAction":[{"@type":"ReadAction","target":["https:\/\/b4sportonline.pl\/funkcje\/moje-wydarzenia\/"]}]},{"@type":"BreadcrumbList","@id":"https:\/\/b4sportonline.pl\/funkcje\/moje-wydarzenia\/#breadcrumb","itemListElement":[{"@type":"ListItem","position":1,"name":"Funkcje","item":"https:\/\/b4sportonline.pl\/funkcje\/"},{"@type":"ListItem","position":2,"name":"Moje wydarzenia"}]},{"@type":"WebSite","@id":"https:\/\/b4sportonline.pl\/funkcje\/#website","url":"https:\/\/b4sportonline.pl\/funkcje\/","name":"Funkcje - B4SPORTONLINE","description":"Funkcjonalno\u015bci platformy do zapis\u00f3w B4SPORTONLINE","potentialAction":[{"@type":"SearchAction","target":{"@type":"EntryPoint","urlTemplate":"https:\/\/b4sportonline.pl\/funkcje\/?s={search_term_string}"},"query-input":{"@type":"PropertyValueSpecification","valueRequired":true,"valueName":"search_term_string"}}],"inLanguage":"pl-PL"}]}},"_links":{"self":[{"href":"https:\/\/b4sportonline.pl\/funkcje\/wp-json\/wp\/v2\/pages\/1150","targetHints":{"allow":["GET"]}}],"collection":[{"href":"https:\/\/b4sportonline.pl\/funkcje\/wp-json\/wp\/v2\/pages"}],"about":[{"href":"https:\/\/b4sportonline.pl\/funkcje\/wp-json\/wp\/v2\/types\/page"}],"author":[{"embeddable":true,"href":"https:\/\/b4sportonline.pl\/funkcje\/wp-json\/wp\/v2\/users\/2"}],"replies":[{"embeddable":true,"href":"https:\/\/b4sportonline.pl\/funkcje\/wp-json\/wp\/v2\/comments?post=1150"}],"version-history":[{"count":2,"href":"https:\/\/b4sportonline.pl\/funkcje\/wp-json\/wp\/v2\/pages\/1150\/revisions"}],"predecessor-version":[{"id":1155,"href":"https:\/\/b4sportonline.pl\/funkcje\/wp-json\/wp\/v2\/pages\/1150\/revisions\/1155"}],"wp:attachment":[{"href":"https:\/\/b4sportonline.pl\/funkcje\/wp-json\/wp\/v2\/media?parent=1150"}],"curies":[{"name":"wp","href":"https:\/\/api.w.org\/{rel}","templated":true}]}}